{"id":803,"date":"2021-07-30T14:21:51","date_gmt":"2021-07-30T19:21:51","guid":{"rendered":"https:\/\/www.newhopeins.com\/es\/?page_id=803"},"modified":"2021-08-23T18:21:27","modified_gmt":"2021-08-23T22:21:27","slug":"life-insurance","status":"publish","type":"page","link":"https:\/\/www.newhopeins.com\/es\/life-insurance\/","title":{"rendered":"Seguro de Vida"},"content":{"rendered":"<p>[vc_row full_width=&#8221;stretch_row&#8221; equal_height=&#8221;yes&#8221; content_placement=&#8221;top&#8221; css=&#8221;.vc_custom_1627590422801{margin-top: -40px !important;padding-top: 8vh !important;padding-bottom: 10vh !important;background-color: #f2f2f2 !important;}&#8221; el_class=&#8221;z-index-10 position-relative&#8221; mobile_bg_img_hidden=&#8221;no&#8221; tablet_bg_img_hidden=&#8221;no&#8221; woodmart_parallax=&#8221;0&#8243; woodmart_gradient_switch=&#8221;no&#8221; row_reverse_mobile=&#8221;1&#8243; row_reverse_tablet=&#8221;1&#8243; woodmart_disable_overflow=&#8221;1&#8243;][vc_column width=&#8221;1\/2&#8243; css=&#8221;.vc_custom_1592445587041{margin-right: 15px !important;margin-left: 15px !important;padding-top: 0px !important;}&#8221; mobile_bg_img_hidden=&#8221;no&#8221; tablet_bg_img_hidden=&#8221;no&#8221; woodmart_parallax=&#8221;0&#8243; woodmart_sticky_column=&#8221;false&#8221; parallax_scroll=&#8221;no&#8221; mobile_reset_margin=&#8221;no&#8221; tablet_reset_margin=&#8221;no&#8221;]\t\t\t<link rel=\"stylesheet\" id=\"wd-info-box-css\" href=\"https:\/\/www.newhopeins.com\/es\/wp-content\/themes\/woodmart\/css\/parts\/el-info-box.min.css?ver=6.1.3\" type=\"text\/css\" media=\"all\" \/> \t\t\t\t\t\t<div class=\"info-box-wrapper \">\n\t\t\t\t<div id=\"wd-61241ea57d306\" class=\" wd-info-box woodmart-info-box wd-wpb text-center box-icon-align-top box-style- color-scheme-dark wd-bg-none box-title-large vc_custom_1629757134830\"  >\n\t\t\t\t\t\t\t\t\t\t<div class=\"info-box-content\">\n\t\t\t\t\t\t<h4 class=\"info-box-title title wd-font-weight- box-title-style-default wd-fontsize-xl\">Seguro de Vida<\/h4>\t\t\t\t\t\t<div class=\"info-box-inner set-cont-mb-s reset-last-child\">\n\t\t\t\t\t\t\t<p>Debido a que las necesidades de todos no son las mismas, es mejor consultar a su agente para que lo ayude a evaluar sus necesidades y encontrar la p\u00f3liza de seguro adecuada para usted.<\/p>\n\t\t\t\t\t\t<\/div>\n\n\t\t\t\t\t\t\n\t\t\t\t\t<\/div>\n\n\t\t\t\t\t\t\t\t\t<\/div>\n\t\t\t<\/div>\n\t\t[vc_tta_accordion style=&#8221;modern&#8221; color=&#8221;white&#8221; spacing=&#8221;5&#8243; gap=&#8221;5&#8243; c_icon=&#8221;chevron&#8221; c_position=&#8221;right&#8221; active_section=&#8221;1&#8243;][vc_tta_section title=&#8221;Informaci\u00f3n acerca del seguro de vida&#8221; tab_id=&#8221;1627577545353-c5e76605-4f94&#8243;][vc_column_text woodmart_inline=&#8221;no&#8221; text_larger=&#8221;no&#8221;]Hay muchos tipos de seguros de vida, pero generalmente se dividen en dos categor\u00edas: seguro temporal y seguro permanente.<\/p>\n<p>El seguro temporal est\u00e1 dise\u00f1ado para satisfacer necesidades temporales. Brinda protecci\u00f3n por un per\u00edodo de tiempo espec\u00edfico (el &#8220;t\u00e9rmino&#8221;) y generalmente paga un beneficio solo si usted fallece durante el per\u00edodo. Este tipo de seguro a menudo tiene sentido cuando necesita una cobertura que desaparecer\u00e1 en un momento espec\u00edfico. Por ejemplo, puede decidir que solo necesita cobertura hasta que sus hijos se grad\u00faen de la universidad o hasta que se pague una deuda en particular, como su hipoteca.<\/p>\n<p>Por el contrario, el seguro permanente brinda protecci\u00f3n de por vida. Siempre que pague las primas y no se tomen pr\u00e9stamos, retiros o rescates, se pagar\u00e1 el monto nominal total. Debido a que est\u00e1 dise\u00f1ado para durar toda la vida, el seguro de vida permanente acumula valor en efectivo y tiene un precio que usted puede conservar durante un largo per\u00edodo de tiempo.<\/p>\n<p>Es imposible decir qu\u00e9 tipo de seguro de vida es mejor porque el tipo de cobertura adecuada para usted depende de sus circunstancias y objetivos financieros \u00fanicos.<\/p>\n<p>Pero recuerde, la mejor manera de determinar la cantidad y el tipo de seguro de vida que tiene sentido para su situaci\u00f3n particular es reunirse con un profesional de seguros de vida calificado y con licencia.[\/vc_column_text][\/vc_tta_section][\/vc_tta_accordion][vc_column_text woodmart_inline=&#8221;no&#8221; text_larger=&#8221;no&#8221;]<strong>[vc_row][vc_column][vc_cta h2=\"PARA M\u00c1S INFORMACI\u00d3N\" h4=\"Ll\u00e1manos al (704) 824-3130\" txt_align=\"center\" style=\"custom\" add_icon=\"left\" i_icon_fontawesome=\"fas fa-headset\" i_color=\"white\" i_size=\"xl\" custom_background=\"#ec6f1d\" custom_text=\"#ffffff\" css=\".vc_custom_1629353463032{margin-top: 5vh !important;}\" el_class=\"z-index-10 box-shadow-style-3\"]<span style=\"color: #ffffff;\">Soporte en Ingl\u00e9s y Espa\u00f1ol<\/span>[\/vc_cta][\/vc_column][\/vc_row]<style data-type=\"vc_shortcodes-custom-css\">.vc_custom_1629353463032{margin-top: 5vh !important;}<\/style><\/strong>[\/vc_column_text][\/vc_column][vc_column width=&#8221;1\/2&#8243; css=&#8221;.vc_custom_1616310729057{padding-top: 0px !important;}&#8221; mobile_bg_img_hidden=&#8221;no&#8221; tablet_bg_img_hidden=&#8221;no&#8221; woodmart_parallax=&#8221;0&#8243; woodmart_sticky_column=&#8221;true&#8221; parallax_scroll=&#8221;no&#8221; mobile_reset_margin=&#8221;no&#8221; tablet_reset_margin=&#8221;no&#8221;][vc_row_inner content_placement=&#8221;middle&#8221; css=&#8221;.vc_custom_1616310629872{margin-right: 0px !important;margin-left: 0px !important;padding-top: 20px !important;padding-right: 10px !important;padding-bottom: 10px !important;padding-left: 10px !important;background-color: #ffffff !important;border-radius: 5px !important;}&#8221; row_reverse_mobile=&#8221;0&#8243; row_reverse_tablet=&#8221;0&#8243; el_class=&#8221;box-shadow-style-3&#8243;][vc_column_inner css=&#8221;.vc_custom_1616310688481{padding-top: 0px !important;padding-bottom: 0px !important;}&#8221;]\t\t\t<div class=\"info-box-wrapper \">\n\t\t\t\t<div id=\"wd-61241f1a73896\" class=\" wd-info-box woodmart-info-box wd-wpb text-center box-icon-align-top box-style- color-scheme-dark wd-bg-none box-title-large vc_custom_1629757232934\"  >\n\t\t\t\t\t\t\t\t\t\t<div class=\"info-box-content\">\n\t\t\t\t\t\t<h4 class=\"info-box-title title wd-font-weight-800 box-title-style-default wd-fontsize-xl\">Obt\u00e9n una Cotizaci\u00f3n<br \/>\nen menos de 10 minutos<\/h4>\t\t\t\t\t\t<div class=\"info-box-inner set-cont-mb-s reset-last-child\">\n\t\t\t\t\t\t\t<p>Llena el siguiente formulario; una vez que hayas completado tu informaci\u00f3n haz clic en el bot\u00f3n\u00a0<strong>SOLICITAR COTIZACI\u00d3N\u00a0<\/strong>para enviar los datos. Tu solicitud se manejar\u00e1 con prontitud.<\/p>\n\t\t\t\t\t\t<\/div>\n\n\t\t\t\t\t\t\n\t\t\t\t\t<\/div>\n\n\t\t\t\t\t<style><\/style>\t\t\t\t<\/div>\n\t\t\t<\/div>\n\t\t<div role=\"form\" class=\"wpcf7\" id=\"wpcf7-f864-o1\" lang=\"en-US\" dir=\"ltr\">\n<div class=\"screen-reader-response\"><p role=\"status\" aria-live=\"polite\" aria-atomic=\"true\"><\/p> <ul><\/ul><\/div>\n<form action=\"\/es\/wp-json\/wp\/v2\/pages\/803#wpcf7-f864-o1\" method=\"post\" class=\"wpcf7-form init cf7mls-no-scroll cf7mls-no-moving-animation\" novalidate=\"novalidate\" data-status=\"init\">\n<div style=\"display: none;\">\n<input type=\"hidden\" name=\"_wpcf7\" value=\"864\" \/>\n<input type=\"hidden\" name=\"_wpcf7_version\" value=\"5.4.2\" \/>\n<input type=\"hidden\" name=\"_wpcf7_locale\" value=\"en_US\" \/>\n<input type=\"hidden\" name=\"_wpcf7_unit_tag\" value=\"wpcf7-f864-o1\" \/>\n<input type=\"hidden\" name=\"_wpcf7_container_post\" value=\"0\" \/>\n<input type=\"hidden\" name=\"_wpcf7_posted_data_hash\" value=\"\" \/>\n<input type=\"hidden\" name=\"_wpcf7cf_hidden_group_fields\" value=\"\" \/>\n<input type=\"hidden\" name=\"_wpcf7cf_hidden_groups\" value=\"\" \/>\n<input type=\"hidden\" name=\"_wpcf7cf_visible_groups\" value=\"\" \/>\n<input type=\"hidden\" name=\"_wpcf7cf_repeaters\" value=\"[]\" \/>\n<input type=\"hidden\" name=\"_wpcf7cf_steps\" value=\"{}\" \/>\n<input type=\"hidden\" name=\"_wpcf7cf_options\" value=\"{&quot;form_id&quot;:864,&quot;conditions&quot;:[],&quot;settings&quot;:{&quot;animation&quot;:&quot;yes&quot;,&quot;animation_intime&quot;:200,&quot;animation_outtime&quot;:200,&quot;conditions_ui&quot;:&quot;normal&quot;,&quot;notice_dismissed&quot;:false}}\" \/>\n<\/div>\n<div class=\"row\">\n<div class=\"col-md-6\" style='margin-bottom:20px;'><label>Nombre*<\/label><span class=\"wpcf7-form-control-wrap fname\"><input type=\"text\" name=\"fname\" value=\"\" size=\"40\" class=\"wpcf7-form-control wpcf7-text wpcf7-validates-as-required\" aria-required=\"true\" aria-invalid=\"false\" \/><\/span><\/div>\n<div class=\"col-md-6\" style='margin-bottom:20px;'><label>Apellido*<\/label><span class=\"wpcf7-form-control-wrap lname\"><input type=\"text\" name=\"lname\" value=\"\" size=\"40\" class=\"wpcf7-form-control wpcf7-text wpcf7-validates-as-required\" aria-required=\"true\" aria-invalid=\"false\" \/><\/span><\/div>\n<\/div>\n<p><label> Direcci\u00f3n*<br \/>\n    <span class=\"wpcf7-form-control-wrap address\"><input type=\"text\" name=\"address\" value=\"\" size=\"40\" class=\"wpcf7-form-control wpcf7-text\" aria-invalid=\"false\" \/><\/span> <\/label><\/p>\n<div class=\"row\">\n<div class=\"col-md-6\" style='margin-bottom:20px;'><label>Ciudad*<\/label><span class=\"wpcf7-form-control-wrap city\"><input type=\"text\" name=\"city\" value=\"\" size=\"40\" class=\"wpcf7-form-control wpcf7-text wpcf7-validates-as-required\" aria-required=\"true\" aria-invalid=\"false\" \/><\/span> <\/label><\/div>\n<div class=\"col-md-6\" style='margin-bottom:20px;'><label>Estado*<\/label><span class=\"wpcf7-form-control-wrap member-1-state\"><select name=\"member-1-state\" class=\"wpcf7-form-control wpcf7-select\" aria-invalid=\"false\"><option value=\"Alabama\">Alabama<\/option><option value=\"Alaska\">Alaska<\/option><option value=\"Arizona\">Arizona<\/option><option value=\"Arkansas\">Arkansas<\/option><option value=\"California\">California<\/option><option value=\"Colorado\">Colorado<\/option><option value=\"Connecticut\">Connecticut<\/option><option value=\"Delaware\">Delaware<\/option><option value=\"Florida\">Florida<\/option><option value=\"Georgia\">Georgia<\/option><option value=\"Hawaii\">Hawaii<\/option><option value=\"Idaho\">Idaho<\/option><option value=\"Illinois\">Illinois<\/option><option value=\"Indiana\">Indiana<\/option><option value=\"Iowa\">Iowa<\/option><option value=\"Kansas\">Kansas<\/option><option value=\"Kentucky\">Kentucky<\/option><option value=\"Louisiana\">Louisiana<\/option><option value=\"Maine\">Maine<\/option><option value=\"Maryland\">Maryland<\/option><option value=\"Massachusetts\">Massachusetts<\/option><option value=\"Michigan\">Michigan<\/option><option value=\"Minnesota\">Minnesota<\/option><option value=\"Mississippi\">Mississippi<\/option><option value=\"Missouri\">Missouri<\/option><option value=\"Montana\">Montana<\/option><option value=\"Nebraska\">Nebraska<\/option><option value=\"Nevada\">Nevada<\/option><option value=\"New Hampshire\">New Hampshire<\/option><option value=\"New Jersey\">New Jersey<\/option><option value=\"New Mexico\">New Mexico<\/option><option value=\"New York\">New York<\/option><option value=\"North Carolina\">North Carolina<\/option><option value=\"North Dakota\">North Dakota<\/option><option value=\"Ohio\">Ohio<\/option><option value=\"Oklahoma\">Oklahoma<\/option><option value=\"Oregon\">Oregon<\/option><option value=\"Pennsylvania\">Pennsylvania<\/option><option value=\"Rhode Island\">Rhode Island<\/option><option value=\"South Carolina\">South Carolina<\/option><option value=\"South Dakota\">South Dakota<\/option><option value=\"Tennessee\">Tennessee<\/option><option value=\"Texas\">Texas<\/option><option value=\"Utah\">Utah<\/option><option value=\"Vermont\">Vermont<\/option><option value=\"Virginia\">Virginia<\/option><option value=\"Washington\">Washington<\/option><option value=\"West Virginia\">West Virginia<\/option><option value=\"Wisconsin\">Wisconsin<\/option><option value=\"Wyoming\">Wyoming<\/option><option value=\"--\">--<\/option><option value=\"District of Columbia\">District of Columbia<\/option><option value=\"Puerto Rico\">Puerto Rico<\/option><option value=\"Guam\">Guam<\/option><option value=\"American Samoa\">American Samoa<\/option><option value=\"U.S. Virgin Islands\">U.S. Virgin Islands<\/option><option value=\"Northern Mariana Islands\">Northern Mariana Islands<\/option><\/select><\/span><\/div>\n<\/div>\n<p><label> C\u00f3digo Postal \/ Zip*<br \/>\n    <span class=\"wpcf7-form-control-wrap zip\"><input type=\"text\" name=\"zip\" value=\"\" size=\"40\" class=\"wpcf7-form-control wpcf7-text wpcf7-validates-as-required\" aria-required=\"true\" aria-invalid=\"false\" \/><\/span> <\/label><\/p>\n<p><label> E-mail*<br \/>\n    <span class=\"wpcf7-form-control-wrap your-email\"><input type=\"email\" name=\"your-email\" value=\"\" size=\"40\" class=\"wpcf7-form-control wpcf7-text wpcf7-email wpcf7-validates-as-required wpcf7-validates-as-email\" aria-required=\"true\" aria-invalid=\"false\" \/><\/span> <\/label><\/p>\n<div class=\"row\">\n<div class=\"col-md-6\" style='margin-bottom:20px;'><label>Tel\u00e9fono*<\/label><span class=\"wpcf7-form-control-wrap phone\"><input type=\"text\" name=\"phone\" value=\"\" size=\"40\" class=\"wpcf7-form-control wpcf7-text wpcf7-validates-as-required\" aria-required=\"true\" aria-invalid=\"false\" \/><\/span><\/div>\n<div class=\"col-md-6\" style='margin-bottom:20px;'><label>Fecha de Nacimiento*<\/label><span class=\"wpcf7-form-control-wrap bith\"><input type=\"date\" name=\"bith\" value=\"\" class=\"wpcf7-form-control wpcf7-date wpcf7-validates-as-required wpcf7-validates-as-date\" aria-required=\"true\" aria-invalid=\"false\" \/><\/span><\/div>\n<\/div>\n<p><span class=\"wpcf7-form-control-wrap more-info\"><textarea name=\"more-info\" cols=\"40\" rows=\"10\" class=\"wpcf7-form-control wpcf7-textarea\" aria-invalid=\"false\" placeholder=\"\u00bfHay algo que nos quieras comentar?\"><\/textarea><\/span><\/p>\n<p><input type=\"submit\" value=\"SOLICITAR COTIZACI\u00d3N\" class=\"wpcf7-form-control wpcf7-submit btn-color-red\" \/><\/p>\n<div class=\"wpcf7-response-output\" aria-hidden=\"true\"><\/div><\/form><\/div>[\/vc_column_inner][\/vc_row_inner][\/vc_column][\/vc_row]<\/p>\n","protected":false},"excerpt":{"rendered":"<p>[vc_row full_width=&#8221;stretch_row&#8221; equal_height=&#8221;yes&#8221; content_placement=&#8221;top&#8221; css=&#8221;.vc_custom_1627590422801{margin-top: -40px !important;padding-top: 8vh !important;padding-bottom: 10vh !important;background-color: #f2f2f2 !important;}&#8221; el_class=&#8221;z-index-10 position-relative&#8221; mobile_bg_img_hidden=&#8221;no&#8221; tablet_bg_img_hidden=&#8221;no&#8221; woodmart_parallax=&#8221;0&#8243; woodmart_gradient_switch=&#8221;no&#8221; row_reverse_mobile=&#8221;1&#8243;<\/p>\n","protected":false},"author":1,"featured_media":0,"parent":0,"menu_order":0,"comment_status":"closed","ping_status":"closed","template":"","meta":[],"_links":{"self":[{"href":"https:\/\/www.newhopeins.com\/es\/wp-json\/wp\/v2\/pages\/803"}],"collection":[{"href":"https:\/\/www.newhopeins.com\/es\/wp-json\/wp\/v2\/pages"}],"about":[{"href":"https:\/\/www.newhopeins.com\/es\/wp-json\/wp\/v2\/types\/page"}],"author":[{"embeddable":true,"href":"https:\/\/www.newhopeins.com\/es\/wp-json\/wp\/v2\/users\/1"}],"replies":[{"embeddable":true,"href":"https:\/\/www.newhopeins.com\/es\/wp-json\/wp\/v2\/comments?post=803"}],"version-history":[{"count":8,"href":"https:\/\/www.newhopeins.com\/es\/wp-json\/wp\/v2\/pages\/803\/revisions"}],"predecessor-version":[{"id":1043,"href":"https:\/\/www.newhopeins.com\/es\/wp-json\/wp\/v2\/pages\/803\/revisions\/1043"}],"wp:attachment":[{"href":"https:\/\/www.newhopeins.com\/es\/wp-json\/wp\/v2\/media?parent=803"}],"curies":[{"name":"wp","href":"https:\/\/api.w.org\/{rel}","templated":true}]}}