{"id":801,"date":"2021-07-30T14:17:57","date_gmt":"2021-07-30T19:17:57","guid":{"rendered":"https:\/\/www.newhopeins.com\/es\/?page_id=801"},"modified":"2021-08-23T16:15:08","modified_gmt":"2021-08-23T20:15:08","slug":"business","status":"publish","type":"page","link":"https:\/\/www.newhopeins.com\/es\/business\/","title":{"rendered":"Comercial y Negocios"},"content":{"rendered":"<p>[vc_row full_width=&#8221;stretch_row&#8221; equal_height=&#8221;yes&#8221; content_placement=&#8221;top&#8221; css=&#8221;.vc_custom_1627590422801{margin-top: -40px !important;padding-top: 8vh !important;padding-bottom: 10vh !important;background-color: #f2f2f2 !important;}&#8221; el_class=&#8221;z-index-10 position-relative&#8221; mobile_bg_img_hidden=&#8221;no&#8221; tablet_bg_img_hidden=&#8221;no&#8221; woodmart_parallax=&#8221;0&#8243; woodmart_gradient_switch=&#8221;no&#8221; row_reverse_mobile=&#8221;1&#8243; row_reverse_tablet=&#8221;1&#8243; woodmart_disable_overflow=&#8221;1&#8243;][vc_column width=&#8221;1\/2&#8243; css=&#8221;.vc_custom_1592445587041{margin-right: 15px !important;margin-left: 15px !important;padding-top: 0px !important;}&#8221; mobile_bg_img_hidden=&#8221;no&#8221; tablet_bg_img_hidden=&#8221;no&#8221; woodmart_parallax=&#8221;0&#8243; woodmart_sticky_column=&#8221;false&#8221; parallax_scroll=&#8221;no&#8221; mobile_reset_margin=&#8221;no&#8221; tablet_reset_margin=&#8221;no&#8221;]\t\t\t<link rel=\"stylesheet\" id=\"wd-info-box-css\" href=\"https:\/\/www.newhopeins.com\/es\/wp-content\/themes\/woodmart\/css\/parts\/el-info-box.min.css?ver=6.1.3\" type=\"text\/css\" media=\"all\" \/> \t\t\t\t\t\t<div class=\"info-box-wrapper \">\n\t\t\t\t<div id=\"wd-6123ed5725881\" class=\" wd-info-box woodmart-info-box wd-wpb text-center box-icon-align-top box-style- color-scheme-dark wd-bg-none box-title-large vc_custom_1629744529734\"  >\n\t\t\t\t\t\t\t\t\t\t<div class=\"info-box-content\">\n\t\t\t\t\t\t<h4 class=\"info-box-title title wd-font-weight- box-title-style-default wd-fontsize-xl\">Informaci\u00f3n de Seguro<br \/>\npara Bienes de Uso Comercial<\/h4>\t\t\t\t\t\t<div class=\"info-box-inner set-cont-mb-s reset-last-child\">\n\t\t\t\t\t\t\t<p>El seguro comercial protege su inversi\u00f3n minimizando los riesgos financieros asociados con eventos inesperados, como la muerte de un socio, un empleado lesionado, una demanda o un desastre natural. Tener la cobertura de seguro comercial adecuada a un precio asequible puede marcar la diferencia entre el \u00e9xito y el fracaso de su negocio. Permita que nuestros expertos en seguros comerciales lo gu\u00eden hacia el \u00e9xito.<\/p>\n\t\t\t\t\t\t<\/div>\n\n\t\t\t\t\t\t\n\t\t\t\t\t<\/div>\n\n\t\t\t\t\t\t\t\t\t<\/div>\n\t\t\t<\/div>\n\t\t[vc_tta_accordion style=&#8221;modern&#8221; color=&#8221;white&#8221; spacing=&#8221;5&#8243; gap=&#8221;5&#8243; c_icon=&#8221;chevron&#8221; c_position=&#8221;right&#8221; active_section=&#8221;&#8221; collapsible_all=&#8221;true&#8221;][vc_tta_section title=&#8221;Veh\u00edculo de uso comercial&#8221; tab_id=&#8221;1627577545353-c5e76605-4f94&#8243;][vc_column_text woodmart_inline=&#8221;no&#8221; text_larger=&#8221;no&#8221;]Como propietario de un negocio, necesita los mismos tipos de coberturas de seguro para el autom\u00f3vil que usa en su negocio que para un autom\u00f3vil que se usa para viajes personales: responsabilidad, colisi\u00f3n y pagos m\u00e9dicos integrales (conocidos como protecci\u00f3n contra lesiones personales en algunos estados) y cobertura para conductores sin seguro. De hecho, muchas personas de negocios utilizan el mismo veh\u00edculo tanto para negocios como para placer. Si el veh\u00edculo es propiedad de la empresa, aseg\u00farese de que el nombre de la empresa aparezca en la p\u00f3liza como &#8220;asegurado principal&#8221; en lugar de su nombre. Esto evitar\u00e1 posibles confusiones en caso de que necesite presentar un reclamo o se presente un reclamo en su contra.<\/p>\n<p>La necesidad de comprar una p\u00f3liza de seguro de autom\u00f3vil comercial depender\u00e1 del tipo de conducci\u00f3n que realice. Un buen agente de seguros le preguntar\u00e1 muchos detalles sobre c\u00f3mo usa los veh\u00edculos en su negocio, qui\u00e9n los conducir\u00e1 y si es probable que los empleados, si los tiene, conduzcan sus propios autom\u00f3viles para su negocio.<\/p>\n<p>Si bien las coberturas principales son las mismas, una p\u00f3liza de autom\u00f3vil comercial difiere de una p\u00f3liza de autom\u00f3vil personal en muchos aspectos t\u00e9cnicos. P\u00eddale a su agente de seguros que le explique todas las diferencias y opciones.[\/vc_column_text][\/vc_tta_section][vc_tta_section title=&#8221;Responsabilidad Civil&#8221; tab_id=&#8221;1627577545377-7e416c7b-e965&#8243;][vc_column_text woodmart_inline=&#8221;no&#8221; text_larger=&#8221;no&#8221;]Si tiene una p\u00f3liza de responsabilidad general general, generalmente existe una exclusi\u00f3n por responsabilidad relacionada con el negocio. Aseg\u00farese de tener suficiente cobertura de responsabilidad civil.<\/p>\n<p>Desafortunadamente para todos los due\u00f1os de negocios, las posibilidades de ser demandados han aumentado dram\u00e1ticamente en la \u00faltima d\u00e9cada. El seguro de responsabilidad general puede evitar que una demanda legal se convierta en un desastre financiero al brindar protecci\u00f3n financiera en caso de que su empresa sea demandada o considerada legalmente responsable de alguna lesi\u00f3n o da\u00f1o.<\/p>\n<p>La Responsabilidad General paga las p\u00e9rdidas que surjan de lesiones corporales reales o supuestas, da\u00f1os a la propiedad o lesiones personales en sus instalaciones comerciales o que surjan de sus operaciones.<\/p>\n<p>Amplia gama de protecci\u00f3n de responsabilidad general<\/p>\n<ul>\n<li>Lesi\u00f3n corporal, incluido el costo de la atenci\u00f3n, la p\u00e9rdida de servicios y la restituci\u00f3n por cualquier muerte que resulte de una lesi\u00f3n.<\/li>\n<li>Cobertura de da\u00f1os a la propiedad por el da\u00f1o f\u00edsico a la propiedad de otros o la p\u00e9rdida de uso de esa propiedad<\/li>\n<li>Las operaciones completadas con productos brindan protecci\u00f3n de responsabilidad (da\u00f1os y gastos legales hasta el l\u00edmite de su p\u00f3liza) si alguna vez una lesi\u00f3n result\u00f3 de algo que su empresa hizo o de un servicio que su empresa proporcion\u00f3.<\/li>\n<li>Responsabilidad por productos es un seguro de responsabilidad por productos m\u00e1s especializado que protege a su empresa contra demandas por lesiones o accidentes relacionados con el producto.<\/li>\n<li>La responsabilidad contractual se extiende a cualquier responsabilidad que pueda asumir al celebrar una variedad de contratos.<\/li>\n<li>Otra cobertura incluye: Uso razonable de la fuerza; Equipo prestado; Responsabilidad por licor; Veh\u00edculos que no son de su propiedad (como aviones y embarcaciones); Da\u00f1os por incendio, rayo o explosi\u00f3n; Protecci\u00f3n de responsabilidad por da\u00f1os por agua; Costos de defensa legal; Pagos m\u00e9dicos; Lesi\u00f3n personal; Lesi\u00f3n publicitaria; y protecci\u00f3n de responsabilidad especializada para tipos de negocios espec\u00edficos.<\/li>\n<\/ul>\n<p>[\/vc_column_text][\/vc_tta_section][vc_tta_section title=&#8221;Compensaci\u00f3n de trabajadores&#8221; tab_id=&#8221;1627881579067-710303c1-6a4e&#8221;][vc_column_text woodmart_inline=&#8221;no&#8221; text_larger=&#8221;no&#8221;]Las leyes de compensaci\u00f3n para trabajadores se crearon para garantizar que los empleados que se lesionan en el trabajo reciban premios monetarios fijos. Esto elimina la necesidad de litigios y crea un proceso m\u00e1s sencillo para el empleado. Tambi\u00e9n ayuda a controlar los riesgos financieros para los empleadores, ya que muchos estados limitan la cantidad que un empleado lesionado puede recuperar de un empleador.<\/p>\n<p>El seguro de compensaci\u00f3n para trabajadores est\u00e1 dise\u00f1ado para ayudar a las empresas a pagar estos beneficios. Como protecci\u00f3n para los empleados, la mayor\u00eda de los estados requieren que los empleadores tengan alg\u00fan tipo de seguro de compensaci\u00f3n para trabajadores. El seguro de compensaci\u00f3n laboral no es un seguro m\u00e9dico. La Compensaci\u00f3n para Trabajadores est\u00e1 dise\u00f1ada espec\u00edficamente para lesiones sufridas en el trabajo.<\/p>\n<p>En la mayor\u00eda de los estados, si tiene empleados, debe tener cobertura de Compensaci\u00f3n para Trabajadores. Incluso en los estados no obligatorios, puede ser una muy buena idea, especialmente si tiene muchos empleados o si se dedican a actividades peligrosas.<\/p>\n<p>\u00bfNecesito un seguro de compensaci\u00f3n laboral?<br \/>\nLos empleadores tienen la responsabilidad legal para con sus empleados de hacer que el lugar de trabajo sea seguro. Sin embargo, los accidentes ocurren incluso cuando se han tomado todas las medidas de seguridad razonables.<\/p>\n<p>Para proteger a los empleadores de demandas resultantes de accidentes en el lugar de trabajo y para brindar atenci\u00f3n m\u00e9dica y compensaci\u00f3n por la p\u00e9rdida de ingresos a los empleados lesionados en accidentes en el lugar de trabajo, en casi todos los estados, las empresas deben comprar un seguro de compensaci\u00f3n para trabajadores. El seguro de compensaci\u00f3n para trabajadores cubre a los trabajadores lesionados en el trabajo, ya sea en las instalaciones del lugar de trabajo o en otro lugar, o en accidentes automovil\u00edsticos mientras est\u00e1n en el negocio. Tambi\u00e9n cubre enfermedades relacionadas con el trabajo.<\/p>\n<p>La compensaci\u00f3n para trabajadores proporciona pagos a los trabajadores lesionados, sin importar qui\u00e9n tuvo la culpa del accidente, por el tiempo perdido en el trabajo y por los servicios m\u00e9dicos y de rehabilitaci\u00f3n. Tambi\u00e9n proporciona beneficios por fallecimiento a los c\u00f3nyuges sobrevivientes y dependientes.<\/p>\n<p>Cada estado tiene diferentes leyes que rigen la cantidad y la duraci\u00f3n de los beneficios por p\u00e9rdida de ingresos, la prestaci\u00f3n de servicios m\u00e9dicos y de rehabilitaci\u00f3n y c\u00f3mo se administra el sistema. Por ejemplo, en la mayor\u00eda de los estados existen regulaciones que cubren si el trabajador o el empleador pueden elegir al m\u00e9dico que trata las lesiones y c\u00f3mo se resuelven las disputas sobre los beneficios.<\/p>\n<p>El seguro de compensaci\u00f3n para trabajadores debe comprarse como una p\u00f3liza separada. Aunque las p\u00f3lizas para negocios a domicilio y para propietarios de empresas (BOP) se venden como p\u00f3lizas en paquete, no incluyen cobertura para las lesiones de los trabajadores.[\/vc_column_text][\/vc_tta_section][\/vc_tta_accordion][vc_column_text woodmart_inline=&#8221;no&#8221; text_larger=&#8221;no&#8221;]<strong>[vc_row][vc_column][vc_cta h2=\"PARA M\u00c1S INFORMACI\u00d3N\" h4=\"Ll\u00e1manos al (704) 824-3130\" txt_align=\"center\" style=\"custom\" add_icon=\"left\" i_icon_fontawesome=\"fas fa-headset\" i_color=\"white\" i_size=\"xl\" custom_background=\"#ec6f1d\" custom_text=\"#ffffff\" css=\".vc_custom_1629353463032{margin-top: 5vh !important;}\" el_class=\"z-index-10 box-shadow-style-3\"]<span style=\"color: #ffffff;\">Soporte en Ingl\u00e9s y Espa\u00f1ol<\/span>[\/vc_cta][\/vc_column][\/vc_row]<style data-type=\"vc_shortcodes-custom-css\">.vc_custom_1629353463032{margin-top: 5vh !important;}<\/style><\/strong>[\/vc_column_text][\/vc_column][vc_column width=&#8221;1\/2&#8243; css=&#8221;.vc_custom_1616310729057{padding-top: 0px !important;}&#8221; mobile_bg_img_hidden=&#8221;no&#8221; tablet_bg_img_hidden=&#8221;no&#8221; woodmart_parallax=&#8221;0&#8243; woodmart_sticky_column=&#8221;true&#8221; parallax_scroll=&#8221;no&#8221; mobile_reset_margin=&#8221;no&#8221; tablet_reset_margin=&#8221;no&#8221;][vc_row_inner content_placement=&#8221;middle&#8221; css=&#8221;.vc_custom_1616310629872{margin-right: 0px !important;margin-left: 0px !important;padding-top: 20px !important;padding-right: 10px !important;padding-bottom: 10px !important;padding-left: 10px !important;background-color: #ffffff !important;border-radius: 5px !important;}&#8221; row_reverse_mobile=&#8221;0&#8243; row_reverse_tablet=&#8221;0&#8243; el_class=&#8221;box-shadow-style-3&#8243;][vc_column_inner css=&#8221;.vc_custom_1616310688481{padding-top: 0px !important;padding-bottom: 0px !important;}&#8221;]\t\t\t<div class=\"info-box-wrapper \">\n\t\t\t\t<div id=\"wd-6123ef891902e\" class=\" wd-info-box woodmart-info-box wd-wpb text-center box-icon-align-top box-style- color-scheme-dark wd-bg-none box-title-large vc_custom_1629745057774\"  >\n\t\t\t\t\t\t\t\t\t\t<div class=\"info-box-content\">\n\t\t\t\t\t\t<h4 class=\"info-box-title title wd-font-weight-800 box-title-style-default wd-fontsize-xl\">Obt\u00e9n una Cotizaci\u00f3n<br \/>\nen menos de 10 minutos<\/h4>\t\t\t\t\t\t<div class=\"info-box-inner set-cont-mb-s reset-last-child\">\n\t\t\t\t\t\t\t<p>Llena el siguiente formulario; una vez que hayas completado tu informaci\u00f3n haz clic en el bot\u00f3n\u00a0<strong>SOLICITAR COTIZACI\u00d3N\u00a0<\/strong>para enviar los datos. Tu solicitud se manejar\u00e1 con prontitud.<\/p>\n\t\t\t\t\t\t<\/div>\n\n\t\t\t\t\t\t\n\t\t\t\t\t<\/div>\n\n\t\t\t\t\t<style><\/style>\t\t\t\t<\/div>\n\t\t\t<\/div>\n\t\t<div role=\"form\" class=\"wpcf7\" id=\"wpcf7-f850-o1\" lang=\"en-US\" dir=\"ltr\">\n<div class=\"screen-reader-response\"><p role=\"status\" aria-live=\"polite\" aria-atomic=\"true\"><\/p> <ul><\/ul><\/div>\n<form action=\"\/es\/wp-json\/wp\/v2\/pages\/801#wpcf7-f850-o1\" method=\"post\" class=\"wpcf7-form init cf7mls-no-moving-animation\" novalidate=\"novalidate\" data-status=\"init\">\n<div style=\"display: none;\">\n<input type=\"hidden\" name=\"_wpcf7\" value=\"850\" \/>\n<input type=\"hidden\" name=\"_wpcf7_version\" value=\"5.4.2\" \/>\n<input type=\"hidden\" name=\"_wpcf7_locale\" value=\"en_US\" \/>\n<input type=\"hidden\" name=\"_wpcf7_unit_tag\" value=\"wpcf7-f850-o1\" \/>\n<input type=\"hidden\" name=\"_wpcf7_container_post\" value=\"0\" \/>\n<input type=\"hidden\" name=\"_wpcf7_posted_data_hash\" value=\"\" \/>\n<input type=\"hidden\" name=\"_wpcf7cf_hidden_group_fields\" value=\"\" \/>\n<input type=\"hidden\" name=\"_wpcf7cf_hidden_groups\" value=\"\" \/>\n<input type=\"hidden\" name=\"_wpcf7cf_visible_groups\" value=\"\" \/>\n<input type=\"hidden\" name=\"_wpcf7cf_repeaters\" value=\"[]\" \/>\n<input type=\"hidden\" name=\"_wpcf7cf_steps\" value=\"{}\" \/>\n<input type=\"hidden\" name=\"_wpcf7cf_options\" value=\"{&quot;form_id&quot;:850,&quot;conditions&quot;:[{&quot;then_field&quot;:&quot;car&quot;,&quot;and_rules&quot;:[{&quot;if_field&quot;:&quot;business&quot;,&quot;operator&quot;:&quot;equals&quot;,&quot;if_value&quot;:&quot;Cotizaci\\u00f3n para seguro de veh\\u00edculos de uso comercial&quot;}]},{&quot;then_field&quot;:&quot;morevh-group&quot;,&quot;and_rules&quot;:[{&quot;if_field&quot;:&quot;addvh&quot;,&quot;operator&quot;:&quot;equals&quot;,&quot;if_value&quot;:&quot;Agregar m\\u00e1s coches&quot;}]},{&quot;then_field&quot;:&quot;group-278&quot;,&quot;and_rules&quot;:[{&quot;if_field&quot;:&quot;business&quot;,&quot;operator&quot;:&quot;not equals&quot;,&quot;if_value&quot;:&quot;&quot;}]}],&quot;settings&quot;:{&quot;animation&quot;:&quot;yes&quot;,&quot;animation_intime&quot;:200,&quot;animation_outtime&quot;:200,&quot;conditions_ui&quot;:&quot;normal&quot;,&quot;notice_dismissed&quot;:false}}\" \/>\n<\/div>\n<div class=\"fieldset-cf7mls-wrapper\" data-transition-effects><fieldset class=\"fieldset-cf7mls cf7mls_current_fs\"><p><b>Elije el Ramo<\/b><br \/>\n<span class=\"wpcf7-form-control-wrap business\"><span class=\"wpcf7-form-control wpcf7-checkbox wpcf7-validates-as-required wpcf7-exclusive-checkbox\"><span class=\"wpcf7-list-item first\"><label><input type=\"checkbox\" name=\"business\" value=\"Cotizaci\u00f3n para seguro de veh\u00edculos de uso comercial\" \/><span class=\"wpcf7-list-item-label\">Cotizaci\u00f3n para seguro de veh\u00edculos de uso comercial<\/span><\/label><\/span><span class=\"wpcf7-list-item\"><label><input type=\"checkbox\" name=\"business\" value=\"Cotizaci\u00f3n para seguro de responsabilidad civil\" \/><span class=\"wpcf7-list-item-label\">Cotizaci\u00f3n para seguro de responsabilidad civil<\/span><\/label><\/span><span class=\"wpcf7-list-item last\"><label><input type=\"checkbox\" name=\"business\" value=\"Cotizaci\u00f3n para seguro de compensaci\u00f3n de trabajadores\" \/><span class=\"wpcf7-list-item-label\">Cotizaci\u00f3n para seguro de compensaci\u00f3n de trabajadores<\/span><\/label><\/span><\/span><\/span><\/p>\n<div data-id=\"group-278\" data-orig_data_id=\"group-278\" data-clear_on_hide data-class=\"wpcf7cf_group\"><label>Nombre de la Empresa<br \/>\n<span class=\"wpcf7-form-control-wrap company\"><input type=\"text\" name=\"company\" value=\"\" size=\"40\" class=\"wpcf7-form-control wpcf7-text wpcf7-validates-as-required\" aria-required=\"true\" aria-invalid=\"false\" \/><\/span><\/label><\/div>\n<div class=\"cf7mls-btns\"><button type=\"button\" class=\"cf7mls_next cf7mls_btn action-button\" name=\"cf7mls_next\" id=\"cf7mls-next-btn-cf7mls_step-1\">Iniciar Cotizaci\u00f3n<img src=\"https:\/\/www.newhopeins.com\/es\/wp-content\/plugins\/cf7-multi-step\/\/assets\/frontend\/img\/loader.svg\" alt=\"\" \/><\/button><\/div><p><\/p><\/fieldset><fieldset class=\"fieldset-cf7mls\">\n<div class=\"row\">\n<div class=\"col-md-6\" style='margin-bottom:20px;'><label>Nombre*<\/label><span class=\"wpcf7-form-control-wrap fname\"><input type=\"text\" name=\"fname\" value=\"\" size=\"40\" class=\"wpcf7-form-control wpcf7-text wpcf7-validates-as-required\" aria-required=\"true\" aria-invalid=\"false\" \/><\/span><\/div>\n<div class=\"col-md-6\" style='margin-bottom:20px;'><label>Apellido*<\/label><span class=\"wpcf7-form-control-wrap lname\"><input type=\"text\" name=\"lname\" value=\"\" size=\"40\" class=\"wpcf7-form-control wpcf7-text wpcf7-validates-as-required\" aria-required=\"true\" aria-invalid=\"false\" \/><\/span><\/div>\n<\/div>\n<p><label> Direcci\u00f3n*<br \/>\n    <span class=\"wpcf7-form-control-wrap address\"><input type=\"text\" name=\"address\" value=\"\" size=\"40\" class=\"wpcf7-form-control wpcf7-text\" aria-invalid=\"false\" \/><\/span> <\/label><\/p>\n<div class=\"row\">\n<div class=\"col-md-6\" style='margin-bottom:20px;'><label>Ciudad*<\/label><span class=\"wpcf7-form-control-wrap city\"><input type=\"text\" name=\"city\" value=\"\" size=\"40\" class=\"wpcf7-form-control wpcf7-text wpcf7-validates-as-required\" aria-required=\"true\" aria-invalid=\"false\" \/><\/span> <\/label><\/div>\n<div class=\"col-md-6\" style='margin-bottom:20px;'><label>Estado*<\/label><span class=\"wpcf7-form-control-wrap member-1-state\"><select name=\"member-1-state\" class=\"wpcf7-form-control wpcf7-select\" aria-invalid=\"false\"><option value=\"Alabama\">Alabama<\/option><option value=\"Alaska\">Alaska<\/option><option value=\"Arizona\">Arizona<\/option><option value=\"Arkansas\">Arkansas<\/option><option value=\"California\">California<\/option><option value=\"Colorado\">Colorado<\/option><option value=\"Connecticut\">Connecticut<\/option><option value=\"Delaware\">Delaware<\/option><option value=\"Florida\">Florida<\/option><option value=\"Georgia\">Georgia<\/option><option value=\"Hawaii\">Hawaii<\/option><option value=\"Idaho\">Idaho<\/option><option value=\"Illinois\">Illinois<\/option><option value=\"Indiana\">Indiana<\/option><option value=\"Iowa\">Iowa<\/option><option value=\"Kansas\">Kansas<\/option><option value=\"Kentucky\">Kentucky<\/option><option value=\"Louisiana\">Louisiana<\/option><option value=\"Maine\">Maine<\/option><option value=\"Maryland\">Maryland<\/option><option value=\"Massachusetts\">Massachusetts<\/option><option value=\"Michigan\">Michigan<\/option><option value=\"Minnesota\">Minnesota<\/option><option value=\"Mississippi\">Mississippi<\/option><option value=\"Missouri\">Missouri<\/option><option value=\"Montana\">Montana<\/option><option value=\"Nebraska\">Nebraska<\/option><option value=\"Nevada\">Nevada<\/option><option value=\"New Hampshire\">New Hampshire<\/option><option value=\"New Jersey\">New Jersey<\/option><option value=\"New Mexico\">New Mexico<\/option><option value=\"New York\">New York<\/option><option value=\"North Carolina\">North Carolina<\/option><option value=\"North Dakota\">North Dakota<\/option><option value=\"Ohio\">Ohio<\/option><option value=\"Oklahoma\">Oklahoma<\/option><option value=\"Oregon\">Oregon<\/option><option value=\"Pennsylvania\">Pennsylvania<\/option><option value=\"Rhode Island\">Rhode Island<\/option><option value=\"South Carolina\">South Carolina<\/option><option value=\"South Dakota\">South Dakota<\/option><option value=\"Tennessee\">Tennessee<\/option><option value=\"Texas\">Texas<\/option><option value=\"Utah\">Utah<\/option><option value=\"Vermont\">Vermont<\/option><option value=\"Virginia\">Virginia<\/option><option value=\"Washington\">Washington<\/option><option value=\"West Virginia\">West Virginia<\/option><option value=\"Wisconsin\">Wisconsin<\/option><option value=\"Wyoming\">Wyoming<\/option><option value=\"--\">--<\/option><option value=\"District of Columbia\">District of Columbia<\/option><option value=\"Puerto Rico\">Puerto Rico<\/option><option value=\"Guam\">Guam<\/option><option value=\"American Samoa\">American Samoa<\/option><option value=\"U.S. Virgin Islands\">U.S. Virgin Islands<\/option><option value=\"Northern Mariana Islands\">Northern Mariana Islands<\/option><\/select><\/span><\/div>\n<\/div>\n<p><label> C\u00f3digo Postal \/ Zip*<br \/>\n    <span class=\"wpcf7-form-control-wrap zip\"><input type=\"text\" name=\"zip\" value=\"\" size=\"40\" class=\"wpcf7-form-control wpcf7-text wpcf7-validates-as-required\" aria-required=\"true\" aria-invalid=\"false\" \/><\/span> <\/label><\/p>\n<p><label> E-mail*<br \/>\n    <span class=\"wpcf7-form-control-wrap your-email\"><input type=\"email\" name=\"your-email\" value=\"\" size=\"40\" class=\"wpcf7-form-control wpcf7-text wpcf7-email wpcf7-validates-as-required wpcf7-validates-as-email\" aria-required=\"true\" aria-invalid=\"false\" \/><\/span> <\/label><\/p>\n<div class=\"row\">\n<div class=\"col-md-6\" style='margin-bottom:20px;'><label>Tel\u00e9fono*<\/label><span class=\"wpcf7-form-control-wrap phone\"><input type=\"text\" name=\"phone\" value=\"\" size=\"40\" class=\"wpcf7-form-control wpcf7-text wpcf7-validates-as-required\" aria-required=\"true\" aria-invalid=\"false\" \/><\/span><\/div>\n<div class=\"col-md-6\" style='margin-bottom:20px;'><label>Fecha de Nacimiento*<\/label><span class=\"wpcf7-form-control-wrap bith\"><input type=\"date\" name=\"bith\" value=\"\" class=\"wpcf7-form-control wpcf7-date wpcf7-validates-as-required wpcf7-validates-as-date\" aria-required=\"true\" aria-invalid=\"false\" \/><\/span><\/div>\n<\/div>\n<div data-id=\"car\" data-orig_data_id=\"car\" data-clear_on_hide data-class=\"wpcf7cf_group\">\n<p><label>Licencia N\u00b0<\/label><span class=\"wpcf7-form-control-wrap license\"><input type=\"text\" name=\"license\" value=\"\" size=\"40\" class=\"wpcf7-form-control wpcf7-text wpcf7-validates-as-required\" aria-required=\"true\" aria-invalid=\"false\" \/><\/span><\/p>\n<p><label>  Vin del coche o marca\/modelo* <span class=\"wpcf7-form-control-wrap vin-busi\"><input type=\"text\" name=\"vin-busi\" value=\"\" size=\"40\" class=\"wpcf7-form-control wpcf7-text wpcf7-validates-as-required\" aria-required=\"true\" aria-invalid=\"false\" \/><\/span> <\/label><\/p>\n<p><span class=\"wpcf7-form-control-wrap addvh\"><span class=\"wpcf7-form-control wpcf7-checkbox\"><span class=\"wpcf7-list-item first last\"><label><span class=\"wpcf7-list-item-label\">Agregar m\u00e1s coches<\/span><input type=\"checkbox\" name=\"addvh[]\" value=\"Agregar m\u00e1s coches\" \/><\/label><\/span><\/span><\/span><\/p>\n<div data-id=\"morevh-group\" data-orig_data_id=\"morevh-group\" data-clear_on_hide data-class=\"wpcf7cf_group\">\n<span class=\"wpcf7-form-control-wrap car1\"><input type=\"text\" name=\"car1\" value=\"\" size=\"40\" class=\"wpcf7-form-control wpcf7-text\" aria-invalid=\"false\" placeholder=\"Vin del coche o marca\/modelo\" \/><\/span><br \/>\n<span class=\"wpcf7-form-control-wrap car2\"><input type=\"text\" name=\"car2\" value=\"\" size=\"40\" class=\"wpcf7-form-control wpcf7-text\" aria-invalid=\"false\" placeholder=\"Vin del coche o marca\/modelo\" \/><\/span><br \/>\n<span class=\"wpcf7-form-control-wrap car3\"><input type=\"text\" name=\"car3\" value=\"\" size=\"40\" class=\"wpcf7-form-control wpcf7-text\" aria-invalid=\"false\" placeholder=\"Vin del coche o marca\/modelo\" \/><\/span><br \/>\n<span class=\"wpcf7-form-control-wrap car4\"><input type=\"text\" name=\"car4\" value=\"\" size=\"40\" class=\"wpcf7-form-control wpcf7-text\" aria-invalid=\"false\" placeholder=\"Vin del coche o marca\/modelo\" \/><\/span><br \/>\n<span class=\"wpcf7-form-control-wrap car5\"><input type=\"text\" name=\"car5\" value=\"\" size=\"40\" class=\"wpcf7-form-control wpcf7-text\" aria-invalid=\"false\" placeholder=\"Vin del coche o marca\/modelo\" \/><\/span><\/p>\n<\/div>\n<\/div>\n<p><span class=\"wpcf7-form-control-wrap more-info\"><textarea name=\"more-info\" cols=\"40\" rows=\"10\" class=\"wpcf7-form-control wpcf7-textarea\" aria-invalid=\"false\" placeholder=\"\u00bfHay algo que nos quieras comentar?\"><\/textarea><\/span><\/p>\n<p><input type=\"submit\" value=\"SOLICITAR COTIZACI\u00d3N\" class=\"wpcf7-form-control wpcf7-submit btn-color-red\" \/><\/p>\n<p><button type=\"button\" class=\"cf7mls_back action-button\" name=\"cf7mls_back\" id=\"cf7mls-back-btn-cf7mls_step-2\">Regresar<\/button><\/p>\n<\/fieldset><\/div><div class=\"wpcf7-response-output\" aria-hidden=\"true\"><\/div><\/form><\/div>[\/vc_column_inner][\/vc_row_inner][\/vc_column][\/vc_row]<\/p>\n","protected":false},"excerpt":{"rendered":"<p>[vc_row full_width=&#8221;stretch_row&#8221; equal_height=&#8221;yes&#8221; content_placement=&#8221;top&#8221; css=&#8221;.vc_custom_1627590422801{margin-top: -40px !important;padding-top: 8vh !important;padding-bottom: 10vh !important;background-color: #f2f2f2 !important;}&#8221; el_class=&#8221;z-index-10 position-relative&#8221; mobile_bg_img_hidden=&#8221;no&#8221; tablet_bg_img_hidden=&#8221;no&#8221; woodmart_parallax=&#8221;0&#8243; woodmart_gradient_switch=&#8221;no&#8221; row_reverse_mobile=&#8221;1&#8243;<\/p>\n","protected":false},"author":1,"featured_media":0,"parent":0,"menu_order":0,"comment_status":"closed","ping_status":"closed","template":"","meta":[],"_links":{"self":[{"href":"https:\/\/www.newhopeins.com\/es\/wp-json\/wp\/v2\/pages\/801"}],"collection":[{"href":"https:\/\/www.newhopeins.com\/es\/wp-json\/wp\/v2\/pages"}],"about":[{"href":"https:\/\/www.newhopeins.com\/es\/wp-json\/wp\/v2\/types\/page"}],"author":[{"embeddable":true,"href":"https:\/\/www.newhopeins.com\/es\/wp-json\/wp\/v2\/users\/1"}],"replies":[{"embeddable":true,"href":"https:\/\/www.newhopeins.com\/es\/wp-json\/wp\/v2\/comments?post=801"}],"version-history":[{"count":12,"href":"https:\/\/www.newhopeins.com\/es\/wp-json\/wp\/v2\/pages\/801\/revisions"}],"predecessor-version":[{"id":1038,"href":"https:\/\/www.newhopeins.com\/es\/wp-json\/wp\/v2\/pages\/801\/revisions\/1038"}],"wp:attachment":[{"href":"https:\/\/www.newhopeins.com\/es\/wp-json\/wp\/v2\/media?parent=801"}],"curies":[{"name":"wp","href":"https:\/\/api.w.org\/{rel}","templated":true}]}}