{"id":797,"date":"2021-07-29T23:30:36","date_gmt":"2021-07-30T04:30:36","guid":{"rendered":"https:\/\/www.newhopeins.com\/es\/?page_id=797"},"modified":"2021-08-19T02:09:42","modified_gmt":"2021-08-19T06:09:42","slug":"auto-insurance","status":"publish","type":"page","link":"https:\/\/www.newhopeins.com\/es\/auto-insurance\/","title":{"rendered":"Seguro de Auto"},"content":{"rendered":"<p>[vc_row full_width=&#8221;stretch_row&#8221; equal_height=&#8221;yes&#8221; content_placement=&#8221;top&#8221; css=&#8221;.vc_custom_1627590422801{margin-top: -40px !important;padding-top: 8vh !important;padding-bottom: 10vh !important;background-color: #f2f2f2 !important;}&#8221; el_class=&#8221;z-index-10 position-relative&#8221; mobile_bg_img_hidden=&#8221;no&#8221; tablet_bg_img_hidden=&#8221;no&#8221; woodmart_parallax=&#8221;0&#8243; woodmart_gradient_switch=&#8221;no&#8221; row_reverse_mobile=&#8221;1&#8243; row_reverse_tablet=&#8221;1&#8243; woodmart_disable_overflow=&#8221;1&#8243;][vc_column width=&#8221;1\/2&#8243; css=&#8221;.vc_custom_1592445587041{margin-right: 15px !important;margin-left: 15px !important;padding-top: 0px !important;}&#8221; mobile_bg_img_hidden=&#8221;no&#8221; tablet_bg_img_hidden=&#8221;no&#8221; woodmart_parallax=&#8221;0&#8243; woodmart_sticky_column=&#8221;false&#8221; parallax_scroll=&#8221;no&#8221; mobile_reset_margin=&#8221;no&#8221; tablet_reset_margin=&#8221;no&#8221;]\t\t\t<link rel=\"stylesheet\" id=\"wd-info-box-css\" href=\"https:\/\/www.newhopeins.com\/es\/wp-content\/themes\/woodmart\/css\/parts\/el-info-box.min.css?ver=6.1.3\" type=\"text\/css\" media=\"all\" \/> \t\t\t\t\t\t<div class=\"info-box-wrapper \">\n\t\t\t\t<div id=\"wd-611df28c7c5f0\" class=\" wd-info-box woodmart-info-box wd-wpb text-center box-icon-align-top box-style- color-scheme-dark wd-bg-none box-title-large vc_custom_1629352604090\"  >\n\t\t\t\t\t\t\t\t\t\t<div class=\"info-box-content\">\n\t\t\t\t\t\t<h4 class=\"info-box-title title wd-font-weight- box-title-style-default wd-fontsize-xl\">Informaci\u00f3n de Seguro de Autos<\/h4>\t\t\t\t\t\t<div class=\"info-box-inner set-cont-mb-s reset-last-child\">\n\t\t\t\t\t\t\t<p>Debido a que las necesidades de todos no son las mismas, es mejor consultar a su agente para que lo ayude a evaluar sus necesidades y encontrar la p\u00f3liza de seguro adecuada para usted.<\/p>\n\t\t\t\t\t\t<\/div>\n\n\t\t\t\t\t\t\n\t\t\t\t\t<\/div>\n\n\t\t\t\t\t\t\t\t\t<\/div>\n\t\t\t<\/div>\n\t\t[vc_tta_accordion style=&#8221;modern&#8221; color=&#8221;white&#8221; spacing=&#8221;5&#8243; gap=&#8221;5&#8243; c_icon=&#8221;chevron&#8221; c_position=&#8221;right&#8221; active_section=&#8221;&#8221; collapsible_all=&#8221;true&#8221;][vc_tta_section title=&#8221;Seguro de Autos en Gastonia, CN&#8221; tab_id=&#8221;1627577545353-c5e76605-4f94&#8243;][vc_column_text woodmart_inline=&#8221;no&#8221; text_larger=&#8221;no&#8221;]<\/p>\n<p data-ada-original-font-size=\"13\" data-ada-original-font-weight=\"400\" data-ada-not-tabbable=\"true\">Ya sea que tenga una flota de veh\u00edculos para su negocio o uno o dos solo para su familia, el seguro de autom\u00f3vil lo protege en caso de un accidente automovil\u00edstico. Los accidentes automovil\u00edsticos pueden ser costosos, especialmente si afectan la forma en que funciona su autom\u00f3vil o si su autom\u00f3vil deja de funcionar en absoluto. Con el <strong>Seguro de Auto de New Hope Insurance<\/strong>, puede tener la protecci\u00f3n que necesita para recuperarse de un accidente automovil\u00edstico.<\/p>\n<p>New Hope Insurance es una agencia local que tiene como objetivo ayudar a las personas en la comunidad de Gastonia, NC, a asegurar sus hogares, negocios e incluso veh\u00edculos. Desde 2011, nuestros agentes de seguros de autom\u00f3viles han encontrado los mejores proveedores y los mejores planes que se adaptar\u00e1n a sus necesidades y presupuesto. Cont\u00e1ctanos hoy para una consulta.[\/vc_column_text][\/vc_tta_section][vc_tta_section title=&#8221;Coberturas&#8221; tab_id=&#8221;1627577545377-7e416c7b-e965&#8243;][vc_column_text woodmart_inline=&#8221;no&#8221; text_larger=&#8221;no&#8221;]La mayor\u00eda de los estados exigen un seguro de autom\u00f3vil, pero eso no significa que no le ayude. Cubre m\u00e1s que solo accidentes automovil\u00edsticos. Si su autom\u00f3vil es robado o da\u00f1ado, el seguro puede ayudarlo con los costos y tambi\u00e9n puede ayudarlo si usted u otros pasajeros resultan heridos en un accidente. El seguro de autom\u00f3vil cubre:<\/p>\n<p>Responsabilidad. Si alguien m\u00e1s resulta lesionado por o en su autom\u00f3vil durante un accidente, el seguro cubrir\u00e1 sus responsabilidades legales hacia ellos.<br \/>\nPropiedad. Si su autom\u00f3vil se da\u00f1a o es robado, el seguro pagar\u00e1 las reparaciones o el reemplazo.<br \/>\nM\u00e9dico. Si sufre lesiones que requieren tratamiento, rehabilitaci\u00f3n o incluso p\u00e9rdida de salario, el seguro puede ayudar.<\/p>\n<p>Los agentes de New Hope Insurance hacen m\u00e1s que recomendarle una p\u00f3liza conveniente. Recopilamos informaci\u00f3n espec\u00edfica sobre usted y su situaci\u00f3n, como cu\u00e1ntos autom\u00f3viles tiene y cu\u00e1ntos hijos tiene, y luego usamos esa informaci\u00f3n para encontrar la mejor p\u00f3liza para usted. No tendr\u00e1 que sacrificar la cobertura por el costo, y responderemos cualquier pregunta que tenga en el camino.<\/p>\n<p>Mientras busca proveedores de seguros de autom\u00f3viles, considere a los profesionales de New Hope Insurance. Cont\u00e1ctenos hoy llamando al 704.824.3130 o complete nuestro formulario en l\u00ednea. Se habla espa\u00f1ol.[\/vc_column_text][\/vc_tta_section][\/vc_tta_accordion][vc_column_text woodmart_inline=&#8221;no&#8221; text_larger=&#8221;no&#8221;]<strong>[vc_row][vc_column][vc_cta h2=\"PARA M\u00c1S INFORMACI\u00d3N\" h4=\"Ll\u00e1manos al (704) 824-3130\" txt_align=\"center\" style=\"custom\" add_icon=\"left\" i_icon_fontawesome=\"fas fa-headset\" i_color=\"white\" i_size=\"xl\" custom_background=\"#ec6f1d\" custom_text=\"#ffffff\" css=\".vc_custom_1629353463032{margin-top: 5vh !important;}\" el_class=\"z-index-10 box-shadow-style-3\"]<span style=\"color: #ffffff;\">Soporte en Ingl\u00e9s y Espa\u00f1ol<\/span>[\/vc_cta][\/vc_column][\/vc_row]<style data-type=\"vc_shortcodes-custom-css\">.vc_custom_1629353463032{margin-top: 5vh !important;}<\/style><\/strong>[\/vc_column_text][\/vc_column][vc_column width=&#8221;1\/2&#8243; css=&#8221;.vc_custom_1616310729057{padding-top: 0px !important;}&#8221; mobile_bg_img_hidden=&#8221;no&#8221; tablet_bg_img_hidden=&#8221;no&#8221; woodmart_parallax=&#8221;0&#8243; woodmart_sticky_column=&#8221;true&#8221; parallax_scroll=&#8221;no&#8221; mobile_reset_margin=&#8221;no&#8221; tablet_reset_margin=&#8221;no&#8221;][vc_row_inner content_placement=&#8221;middle&#8221; css=&#8221;.vc_custom_1616310629872{margin-right: 0px !important;margin-left: 0px !important;padding-top: 20px !important;padding-right: 10px !important;padding-bottom: 10px !important;padding-left: 10px !important;background-color: #ffffff !important;border-radius: 5px !important;}&#8221; row_reverse_mobile=&#8221;0&#8243; row_reverse_tablet=&#8221;0&#8243; el_class=&#8221;box-shadow-style-3&#8243;][vc_column_inner css=&#8221;.vc_custom_1616310688481{padding-top: 0px !important;padding-bottom: 0px !important;}&#8221;]\t\t\t<div class=\"info-box-wrapper \">\n\t\t\t\t<div id=\"wd-611df4449cc50\" class=\" wd-info-box woodmart-info-box wd-wpb text-center box-icon-align-top box-style- color-scheme-dark wd-bg-none box-title-large vc_custom_1629353160846\"  >\n\t\t\t\t\t\t\t\t\t\t<div class=\"info-box-content\">\n\t\t\t\t\t\t<h4 class=\"info-box-title title wd-font-weight-800 box-title-style-default wd-fontsize-xl\">Obt\u00e9n una Cotizaci\u00f3n<br \/>\nen menos de 10 minutos<\/h4>\t\t\t\t\t\t<div class=\"info-box-inner set-cont-mb-s reset-last-child\">\n\t\t\t\t\t\t\t<p>Llena el siguiente formulario; una vez que hayas completado tu informaci\u00f3n haz clic en el bot\u00f3n <strong>SOLICITAR COTIZACI\u00d3N <\/strong>para enviar los datos. Tu solicitud se manejar\u00e1 con prontitud.<\/p>\n\t\t\t\t\t\t<\/div>\n\n\t\t\t\t\t\t\n\t\t\t\t\t<\/div>\n\n\t\t\t\t\t<style><\/style>\t\t\t\t<\/div>\n\t\t\t<\/div>\n\t\t<div role=\"form\" class=\"wpcf7\" id=\"wpcf7-f816-o1\" lang=\"en-US\" dir=\"ltr\">\n<div class=\"screen-reader-response\"><p role=\"status\" aria-live=\"polite\" aria-atomic=\"true\"><\/p> <ul><\/ul><\/div>\n<form action=\"\/es\/wp-json\/wp\/v2\/pages\/797#wpcf7-f816-o1\" method=\"post\" class=\"wpcf7-form init cf7mls-no-scroll cf7mls-no-moving-animation\" novalidate=\"novalidate\" data-status=\"init\">\n<div style=\"display: none;\">\n<input type=\"hidden\" name=\"_wpcf7\" value=\"816\" \/>\n<input type=\"hidden\" name=\"_wpcf7_version\" value=\"5.4.2\" \/>\n<input type=\"hidden\" name=\"_wpcf7_locale\" value=\"en_US\" \/>\n<input type=\"hidden\" name=\"_wpcf7_unit_tag\" value=\"wpcf7-f816-o1\" \/>\n<input type=\"hidden\" name=\"_wpcf7_container_post\" value=\"0\" \/>\n<input type=\"hidden\" name=\"_wpcf7_posted_data_hash\" value=\"\" \/>\n<input type=\"hidden\" name=\"_wpcf7cf_hidden_group_fields\" value=\"\" \/>\n<input type=\"hidden\" name=\"_wpcf7cf_hidden_groups\" value=\"\" \/>\n<input type=\"hidden\" name=\"_wpcf7cf_visible_groups\" value=\"\" \/>\n<input type=\"hidden\" name=\"_wpcf7cf_repeaters\" value=\"[]\" \/>\n<input type=\"hidden\" name=\"_wpcf7cf_steps\" value=\"{}\" \/>\n<input type=\"hidden\" name=\"_wpcf7cf_options\" value=\"{&quot;form_id&quot;:816,&quot;conditions&quot;:[{&quot;then_field&quot;:&quot;morevh-group&quot;,&quot;and_rules&quot;:[{&quot;if_field&quot;:&quot;addvh&quot;,&quot;operator&quot;:&quot;equals&quot;,&quot;if_value&quot;:&quot;Agregar m\\u00e1s coches&quot;}]}],&quot;settings&quot;:{&quot;animation&quot;:&quot;yes&quot;,&quot;animation_intime&quot;:200,&quot;animation_outtime&quot;:200,&quot;conditions_ui&quot;:&quot;normal&quot;,&quot;notice_dismissed&quot;:false}}\" \/>\n<\/div>\n<div class=\"row\">\n<div class=\"col-md-6\" style='margin-bottom:20px;'><label>Nombre*<\/label><span class=\"wpcf7-form-control-wrap fname\"><input type=\"text\" name=\"fname\" value=\"\" size=\"40\" class=\"wpcf7-form-control wpcf7-text wpcf7-validates-as-required\" aria-required=\"true\" aria-invalid=\"false\" \/><\/span><\/div>\n<div class=\"col-md-6\" style='margin-bottom:20px;'><label>Apellido*<\/label><span class=\"wpcf7-form-control-wrap lname\"><input type=\"text\" name=\"lname\" value=\"\" size=\"40\" class=\"wpcf7-form-control wpcf7-text wpcf7-validates-as-required\" aria-required=\"true\" aria-invalid=\"false\" \/><\/span><\/div>\n<\/div>\n<p><label> Direcci\u00f3n*<br \/>\n    <span class=\"wpcf7-form-control-wrap address\"><input type=\"text\" name=\"address\" value=\"\" size=\"40\" class=\"wpcf7-form-control wpcf7-text\" aria-invalid=\"false\" \/><\/span> <\/label><\/p>\n<div class=\"row\">\n<div class=\"col-md-6\" style='margin-bottom:20px;'><label>Ciudad*<\/label><span class=\"wpcf7-form-control-wrap city\"><input type=\"text\" name=\"city\" value=\"\" size=\"40\" class=\"wpcf7-form-control wpcf7-text wpcf7-validates-as-required\" aria-required=\"true\" aria-invalid=\"false\" \/><\/span> <\/label><\/div>\n<div class=\"col-md-6\" style='margin-bottom:20px;'><label>Estado*<\/label><span class=\"wpcf7-form-control-wrap member-1-state\"><select name=\"member-1-state\" class=\"wpcf7-form-control wpcf7-select\" aria-invalid=\"false\"><option value=\"Alabama\">Alabama<\/option><option value=\"Alaska\">Alaska<\/option><option value=\"Arizona\">Arizona<\/option><option value=\"Arkansas\">Arkansas<\/option><option value=\"California\">California<\/option><option value=\"Colorado\">Colorado<\/option><option value=\"Connecticut\">Connecticut<\/option><option value=\"Delaware\">Delaware<\/option><option value=\"Florida\">Florida<\/option><option value=\"Georgia\">Georgia<\/option><option value=\"Hawaii\">Hawaii<\/option><option value=\"Idaho\">Idaho<\/option><option value=\"Illinois\">Illinois<\/option><option value=\"Indiana\">Indiana<\/option><option value=\"Iowa\">Iowa<\/option><option value=\"Kansas\">Kansas<\/option><option value=\"Kentucky\">Kentucky<\/option><option value=\"Louisiana\">Louisiana<\/option><option value=\"Maine\">Maine<\/option><option value=\"Maryland\">Maryland<\/option><option value=\"Massachusetts\">Massachusetts<\/option><option value=\"Michigan\">Michigan<\/option><option value=\"Minnesota\">Minnesota<\/option><option value=\"Mississippi\">Mississippi<\/option><option value=\"Missouri\">Missouri<\/option><option value=\"Montana\">Montana<\/option><option value=\"Nebraska\">Nebraska<\/option><option value=\"Nevada\">Nevada<\/option><option value=\"New Hampshire\">New Hampshire<\/option><option value=\"New Jersey\">New Jersey<\/option><option value=\"New Mexico\">New Mexico<\/option><option value=\"New York\">New York<\/option><option value=\"North Carolina\">North Carolina<\/option><option value=\"North Dakota\">North Dakota<\/option><option value=\"Ohio\">Ohio<\/option><option value=\"Oklahoma\">Oklahoma<\/option><option value=\"Oregon\">Oregon<\/option><option value=\"Pennsylvania\">Pennsylvania<\/option><option value=\"Rhode Island\">Rhode Island<\/option><option value=\"South Carolina\">South Carolina<\/option><option value=\"South Dakota\">South Dakota<\/option><option value=\"Tennessee\">Tennessee<\/option><option value=\"Texas\">Texas<\/option><option value=\"Utah\">Utah<\/option><option value=\"Vermont\">Vermont<\/option><option value=\"Virginia\">Virginia<\/option><option value=\"Washington\">Washington<\/option><option value=\"West Virginia\">West Virginia<\/option><option value=\"Wisconsin\">Wisconsin<\/option><option value=\"Wyoming\">Wyoming<\/option><option value=\"--\">--<\/option><option value=\"District of Columbia\">District of Columbia<\/option><option value=\"Puerto Rico\">Puerto Rico<\/option><option value=\"Guam\">Guam<\/option><option value=\"American Samoa\">American Samoa<\/option><option value=\"U.S. Virgin Islands\">U.S. Virgin Islands<\/option><option value=\"Northern Mariana Islands\">Northern Mariana Islands<\/option><\/select><\/span><\/div>\n<\/div>\n<p><label> ZIP*<br \/>\n    <span class=\"wpcf7-form-control-wrap zip\"><input type=\"text\" name=\"zip\" value=\"\" size=\"40\" class=\"wpcf7-form-control wpcf7-text wpcf7-validates-as-required\" aria-required=\"true\" aria-invalid=\"false\" \/><\/span> <\/label><\/p>\n<p><label> E-mail*<br \/>\n    <span class=\"wpcf7-form-control-wrap your-email\"><input type=\"email\" name=\"your-email\" value=\"\" size=\"40\" class=\"wpcf7-form-control wpcf7-text wpcf7-email wpcf7-validates-as-required wpcf7-validates-as-email\" aria-required=\"true\" aria-invalid=\"false\" \/><\/span> <\/label><\/p>\n<div class=\"row\">\n<div class=\"col-md-6\" style='margin-bottom:20px;'><label>Tel\u00e9fono*<\/label><span class=\"wpcf7-form-control-wrap phone\"><input type=\"text\" name=\"phone\" value=\"\" size=\"40\" class=\"wpcf7-form-control wpcf7-text wpcf7-validates-as-required\" aria-required=\"true\" aria-invalid=\"false\" \/><\/span><\/div>\n<div class=\"col-md-6\" style='margin-bottom:20px;'><label>Fecha de Nacimiento*<\/label><span class=\"wpcf7-form-control-wrap bith\"><input type=\"date\" name=\"bith\" value=\"\" class=\"wpcf7-form-control wpcf7-date wpcf7-validates-as-required wpcf7-validates-as-date\" aria-required=\"true\" aria-invalid=\"false\" \/><\/span><\/div>\n<\/div>\n<div class=\"row\">\n<div class=\"col-md-6\" style='margin-bottom:20px;'><label>Licencia N\u00b0<\/label><span class=\"wpcf7-form-control-wrap license\"><input type=\"text\" name=\"license\" value=\"\" size=\"40\" class=\"wpcf7-form-control wpcf7-text wpcf7-validates-as-required\" aria-required=\"true\" aria-invalid=\"false\" \/><\/span><\/div>\n<div class=\"col-md-6\" style='margin-bottom:20px;'><label>  Vin del coche o marca\/modelo*<br \/>\n    <span class=\"wpcf7-form-control-wrap vin\"><input type=\"text\" name=\"vin\" value=\"\" size=\"40\" class=\"wpcf7-form-control wpcf7-text wpcf7-validates-as-required\" aria-required=\"true\" aria-invalid=\"false\" \/><\/span> <\/label><\/div>\n<\/div>\n<p><span class=\"wpcf7-form-control-wrap addvh\"><span class=\"wpcf7-form-control wpcf7-checkbox\"><span class=\"wpcf7-list-item first last\"><label><input type=\"checkbox\" name=\"addvh[]\" value=\"Agregar m\u00e1s coches\" \/><span class=\"wpcf7-list-item-label\">Agregar m\u00e1s coches<\/span><\/label><\/span><\/span><\/span><\/p>\n<div data-id=\"morevh-group\" data-orig_data_id=\"morevh-group\" data-clear_on_hide data-class=\"wpcf7cf_group\">\n<span class=\"wpcf7-form-control-wrap car1\"><input type=\"text\" name=\"car1\" value=\"\" size=\"40\" class=\"wpcf7-form-control wpcf7-text\" aria-invalid=\"false\" placeholder=\"N\u00famero Vin del coche o Marca y Modelo\" \/><\/span><br \/>\n<span class=\"wpcf7-form-control-wrap car2\"><input type=\"text\" name=\"car2\" value=\"\" size=\"40\" class=\"wpcf7-form-control wpcf7-text\" aria-invalid=\"false\" placeholder=\"N\u00famero Vin del coche o Marca y Modelo\" \/><\/span><br \/>\n<span class=\"wpcf7-form-control-wrap car3\"><input type=\"text\" name=\"car3\" value=\"\" size=\"40\" class=\"wpcf7-form-control wpcf7-text\" aria-invalid=\"false\" placeholder=\"N\u00famero Vin del coche o Marca y Modelo\" \/><\/span><br \/>\n<span class=\"wpcf7-form-control-wrap car4\"><input type=\"text\" name=\"car4\" value=\"\" size=\"40\" class=\"wpcf7-form-control wpcf7-text\" aria-invalid=\"false\" placeholder=\"N\u00famero Vin del coche o Marca y Modelo\" \/><\/span><br \/>\n<span class=\"wpcf7-form-control-wrap car5\"><input type=\"text\" name=\"car5\" value=\"\" size=\"40\" class=\"wpcf7-form-control wpcf7-text\" aria-invalid=\"false\" placeholder=\"N\u00famero Vin del coche o Marca y Modelo\" \/><\/span>\n<\/div>\n<p><span class=\"wpcf7-form-control-wrap more-info\"><textarea name=\"more-info\" cols=\"40\" rows=\"10\" class=\"wpcf7-form-control wpcf7-textarea\" aria-invalid=\"false\" placeholder=\"\u00bfHay algo que nos quieras comentar?\"><\/textarea><\/span><br \/>\n<div class=\"anr_captcha_field\"><div id=\"anr_captcha_field_1\" class=\"anr_captcha_field_div\"><\/div><\/div><span class=\"wpcf7-form-control-wrap g-recaptcha-response\"><\/span><\/p>\n<p><input type=\"submit\" value=\"SOLICITAR COTIZACI\u00d3N\" class=\"wpcf7-form-control wpcf7-submit btn-color-red\" \/><\/p>\n<p><br><\/p>\n<div class=\"wpcf7-response-output\" aria-hidden=\"true\"><\/div><\/form><\/div>[\/vc_column_inner][\/vc_row_inner][\/vc_column][\/vc_row]<\/p>\n","protected":false},"excerpt":{"rendered":"<p>[vc_row full_width=&#8221;stretch_row&#8221; equal_height=&#8221;yes&#8221; content_placement=&#8221;top&#8221; css=&#8221;.vc_custom_1627590422801{margin-top: -40px !important;padding-top: 8vh !important;padding-bottom: 10vh !important;background-color: #f2f2f2 !important;}&#8221; el_class=&#8221;z-index-10 position-relative&#8221; mobile_bg_img_hidden=&#8221;no&#8221; tablet_bg_img_hidden=&#8221;no&#8221; woodmart_parallax=&#8221;0&#8243; woodmart_gradient_switch=&#8221;no&#8221; row_reverse_mobile=&#8221;1&#8243;<\/p>\n","protected":false},"author":1,"featured_media":0,"parent":0,"menu_order":0,"comment_status":"closed","ping_status":"closed","template":"","meta":[],"_links":{"self":[{"href":"https:\/\/www.newhopeins.com\/es\/wp-json\/wp\/v2\/pages\/797"}],"collection":[{"href":"https:\/\/www.newhopeins.com\/es\/wp-json\/wp\/v2\/pages"}],"about":[{"href":"https:\/\/www.newhopeins.com\/es\/wp-json\/wp\/v2\/types\/page"}],"author":[{"embeddable":true,"href":"https:\/\/www.newhopeins.com\/es\/wp-json\/wp\/v2\/users\/1"}],"replies":[{"embeddable":true,"href":"https:\/\/www.newhopeins.com\/es\/wp-json\/wp\/v2\/comments?post=797"}],"version-history":[{"count":9,"href":"https:\/\/www.newhopeins.com\/es\/wp-json\/wp\/v2\/pages\/797\/revisions"}],"predecessor-version":[{"id":1034,"href":"https:\/\/www.newhopeins.com\/es\/wp-json\/wp\/v2\/pages\/797\/revisions\/1034"}],"wp:attachment":[{"href":"https:\/\/www.newhopeins.com\/es\/wp-json\/wp\/v2\/media?parent=797"}],"curies":[{"name":"wp","href":"https:\/\/api.w.org\/{rel}","templated":true}]}}