{"id":695,"date":"2021-07-23T14:41:21","date_gmt":"2021-07-23T19:41:21","guid":{"rendered":"https:\/\/www.newhopeins.com\/es\/?page_id=695"},"modified":"2021-08-23T18:11:03","modified_gmt":"2021-08-23T22:11:03","slug":"homeowners-insurance","status":"publish","type":"page","link":"https:\/\/www.newhopeins.com\/es\/homeowners-insurance\/","title":{"rendered":"Seguro de Hogar"},"content":{"rendered":"<p>[vc_row full_width=&#8221;stretch_row&#8221; equal_height=&#8221;yes&#8221; content_placement=&#8221;top&#8221; css=&#8221;.vc_custom_1627590422801{margin-top: -40px !important;padding-top: 8vh !important;padding-bottom: 10vh !important;background-color: #f2f2f2 !important;}&#8221; el_class=&#8221;z-index-10 position-relative&#8221; mobile_bg_img_hidden=&#8221;no&#8221; tablet_bg_img_hidden=&#8221;no&#8221; woodmart_parallax=&#8221;0&#8243; woodmart_gradient_switch=&#8221;no&#8221; row_reverse_mobile=&#8221;1&#8243; row_reverse_tablet=&#8221;1&#8243; woodmart_disable_overflow=&#8221;1&#8243;][vc_column width=&#8221;1\/2&#8243; css=&#8221;.vc_custom_1592445587041{margin-right: 15px !important;margin-left: 15px !important;padding-top: 0px !important;}&#8221; mobile_bg_img_hidden=&#8221;no&#8221; tablet_bg_img_hidden=&#8221;no&#8221; woodmart_parallax=&#8221;0&#8243; woodmart_sticky_column=&#8221;false&#8221; parallax_scroll=&#8221;no&#8221; mobile_reset_margin=&#8221;no&#8221; tablet_reset_margin=&#8221;no&#8221;]\t\t\t<link rel=\"stylesheet\" id=\"wd-info-box-css\" href=\"https:\/\/www.newhopeins.com\/es\/wp-content\/themes\/woodmart\/css\/parts\/el-info-box.min.css?ver=6.1.3\" type=\"text\/css\" media=\"all\" \/> \t\t\t\t\t\t<div class=\"info-box-wrapper \">\n\t\t\t\t<div id=\"wd-612412ad9a53d\" class=\" wd-info-box woodmart-info-box wd-wpb text-center box-icon-align-top box-style- color-scheme-dark wd-bg-none box-title-large vc_custom_1629754080560\"  >\n\t\t\t\t\t\t\t\t\t\t<div class=\"info-box-content\">\n\t\t\t\t\t\t<h4 class=\"info-box-title title wd-font-weight- box-title-style-default wd-fontsize-xl\">Informaci\u00f3n para Seguro de Hogar<\/h4>\t\t\t\t\t\t<div class=\"info-box-inner set-cont-mb-s reset-last-child\">\n\t\t\t\t\t\t\t<p>Debido a que las necesidades de todos no son las mismas, es mejor consultar a su agente para que lo ayude a evaluar sus necesidades y encontrar la p\u00f3liza de seguro adecuada para usted.<\/p>\n\t\t\t\t\t\t<\/div>\n\n\t\t\t\t\t\t\n\t\t\t\t\t<\/div>\n\n\t\t\t\t\t\t\t\t\t<\/div>\n\t\t\t<\/div>\n\t\t[vc_tta_accordion style=&#8221;modern&#8221; color=&#8221;white&#8221; spacing=&#8221;5&#8243; gap=&#8221;5&#8243; c_icon=&#8221;chevron&#8221; c_position=&#8221;right&#8221; active_section=&#8221;&#8221; collapsible_all=&#8221;true&#8221;][vc_tta_section title=&#8221;\u00bfQu\u00e9 es el seguro de hogar?&#8221; tab_id=&#8221;1627577545353-c5e76605-4f94&#8243;][vc_column_text woodmart_inline=&#8221;no&#8221; text_larger=&#8221;no&#8221;]El seguro de hogar ofrece protecci\u00f3n financiera contra desastres. Una p\u00f3liza est\u00e1ndar asegura la casa en s\u00ed y las cosas que guarda en ella.<\/p>\n<p>El seguro para propietarios de viviendas es una p\u00f3liza de paquete. Esto significa que cubre tanto los da\u00f1os a su propiedad como su responsabilidad legal o legal por cualquier lesi\u00f3n o da\u00f1o a la propiedad que usted o los miembros de su familia causen a otras personas. Esto incluye los da\u00f1os causados por los animales dom\u00e9sticos.<\/p>\n<p>Los da\u00f1os causados por la mayor\u00eda de los desastres est\u00e1n cubiertos, pero hay excepciones. Los m\u00e1s importantes son los da\u00f1os causados por inundaciones, terremotos y mal mantenimiento. Debe comprar dos p\u00f3lizas separadas para cobertura contra inundaciones y terremotos. Los problemas relacionados con el mantenimiento son responsabilidad de los propietarios.[\/vc_column_text][\/vc_tta_section][vc_tta_section title=&#8221;\u00bfPor qu\u00e9 necesita un seguro de vivienda?&#8221; tab_id=&#8221;1627577545377-7e416c7b-e965&#8243;][vc_column_text woodmart_inline=&#8221;no&#8221; text_larger=&#8221;no&#8221;]Realmente se trata de protegerse financieramente si algo inesperado le sucede a su hogar o posesiones. Eso es importante porque es probable que su casa sea una de sus mayores inversiones.<\/p>\n<ul>\n<li>Si su casa fue destruida por un incendio o da\u00f1ada por un desastre natural, necesitar\u00e1 dinero para repararla o reemplazarla.<\/li>\n<li>Si un invitado en su hogar se lesiona, la protecci\u00f3n de responsabilidad y la cobertura m\u00e9dica ayudan a pagar los gastos.<\/li>\n<li>Si es v\u00edctima de robo y vandalismo, puede reembolsarle su p\u00e9rdida o pagar las reparaciones.<\/li>\n<li>Si todav\u00eda est\u00e1 pagando por su casa, su prestamista requerir\u00e1 un seguro.<\/li>\n<\/ul>\n<p>Es importante saber que el seguro para propietarios de viviendas est\u00e1 destinado a cubrir da\u00f1os inesperados, no el mantenimiento de rutina. P\u00eddale a su agente que hable sobre lo que est\u00e1 cubierto y aseg\u00farese de leer su p\u00f3liza para saber exactamente qu\u00e9 est\u00e1 incluido y qu\u00e9 no.[\/vc_column_text][\/vc_tta_section][vc_tta_section title=&#8221;Cosas a considerar y preguntas para hacerle a su agente&#8221; tab_id=&#8221;1627577683865-9a7af803-1269&#8243;][vc_column_text woodmart_inline=&#8221;no&#8221; text_larger=&#8221;no&#8221;]Aqu\u00ed hay algunas cosas para discutir con su agente que influir\u00e1n en sus decisiones.<\/p>\n<ul>\n<li>\u00bfCu\u00e1nto costar\u00e1 reconstruir mi casa y reemplazar mis pertenencias si est\u00e1n da\u00f1adas o destruidas? (P\u00eddale a su agente que le explique las caracter\u00edsticas de su casa y las cosas que posee para que pueda tomar una decisi\u00f3n informada sobre la cobertura).<\/li>\n<li>\u00bfTiene la compa\u00f1\u00eda de seguros una buena reputaci\u00f3n por su servicio al cliente? \u00bfEs conocido por pagar las reclamaciones de forma justa y r\u00e1pida?<\/li>\n<li>\u00bfQu\u00e9 descuentos hay disponibles? (Pregunte acerca de m\u00faltiples descuentos en p\u00f3lizas, sistemas de seguridad y resistencia al fuego).<\/li>\n<li>\u00bfCu\u00e1l es el proceso para presentar y resolver un reclamo? (Pregunte a qui\u00e9n llamar y qu\u00e9 sucede despu\u00e9s de presentar un reclamo).<\/li>\n<\/ul>\n<p>[\/vc_column_text][\/vc_tta_section][\/vc_tta_accordion][vc_column_text woodmart_inline=&#8221;no&#8221; text_larger=&#8221;no&#8221;]<strong>[vc_row][vc_column][vc_cta h2=\"PARA M\u00c1S INFORMACI\u00d3N\" h4=\"Ll\u00e1manos al (704) 824-3130\" txt_align=\"center\" style=\"custom\" add_icon=\"left\" i_icon_fontawesome=\"fas fa-headset\" i_color=\"white\" i_size=\"xl\" custom_background=\"#ec6f1d\" custom_text=\"#ffffff\" css=\".vc_custom_1629353463032{margin-top: 5vh !important;}\" el_class=\"z-index-10 box-shadow-style-3\"]<span style=\"color: #ffffff;\">Soporte en Ingl\u00e9s y Espa\u00f1ol<\/span>[\/vc_cta][\/vc_column][\/vc_row]<style data-type=\"vc_shortcodes-custom-css\">.vc_custom_1629353463032{margin-top: 5vh !important;}<\/style><\/strong>[\/vc_column_text][\/vc_column][vc_column width=&#8221;1\/2&#8243; css=&#8221;.vc_custom_1616310729057{padding-top: 0px !important;}&#8221; mobile_bg_img_hidden=&#8221;no&#8221; tablet_bg_img_hidden=&#8221;no&#8221; woodmart_parallax=&#8221;0&#8243; woodmart_sticky_column=&#8221;true&#8221; parallax_scroll=&#8221;no&#8221; mobile_reset_margin=&#8221;no&#8221; tablet_reset_margin=&#8221;no&#8221;][vc_row_inner content_placement=&#8221;middle&#8221; css=&#8221;.vc_custom_1616310629872{margin-right: 0px !important;margin-left: 0px !important;padding-top: 20px !important;padding-right: 10px !important;padding-bottom: 10px !important;padding-left: 10px !important;background-color: #ffffff !important;border-radius: 5px !important;}&#8221; row_reverse_mobile=&#8221;0&#8243; row_reverse_tablet=&#8221;0&#8243; el_class=&#8221;box-shadow-style-3&#8243;][vc_column_inner css=&#8221;.vc_custom_1616310688481{padding-top: 0px !important;padding-bottom: 0px !important;}&#8221;]\t\t\t<div class=\"info-box-wrapper \">\n\t\t\t\t<div id=\"wd-61241c87a4828\" class=\" wd-info-box woodmart-info-box wd-wpb text-center box-icon-align-top box-style- color-scheme-dark wd-bg-none box-title-large vc_custom_1629756614808\"  >\n\t\t\t\t\t\t\t\t\t\t<div class=\"info-box-content\">\n\t\t\t\t\t\t<h4 class=\"info-box-title title wd-font-weight-800 box-title-style-default wd-fontsize-xl\">Obt\u00e9n una Cotizaci\u00f3n<br \/>\nen menos de 10 minutos<\/h4>\t\t\t\t\t\t<div class=\"info-box-inner set-cont-mb-s reset-last-child\">\n\t\t\t\t\t\t\t<p>Llena el siguiente formulario; una vez que hayas completado tu informaci\u00f3n haz clic en el bot\u00f3n\u00a0<strong>SOLICITAR COTIZACI\u00d3N\u00a0<\/strong>para enviar los datos. Tu solicitud se manejar\u00e1 con prontitud.<\/p>\n\t\t\t\t\t\t<\/div>\n\n\t\t\t\t\t\t\n\t\t\t\t\t<\/div>\n\n\t\t\t\t\t<style><\/style>\t\t\t\t<\/div>\n\t\t\t<\/div>\n\t\t<div role=\"form\" class=\"wpcf7\" id=\"wpcf7-f770-o1\" lang=\"en-US\" dir=\"ltr\">\n<div class=\"screen-reader-response\"><p role=\"status\" aria-live=\"polite\" aria-atomic=\"true\"><\/p> <ul><\/ul><\/div>\n<form action=\"\/es\/wp-json\/wp\/v2\/pages\/695#wpcf7-f770-o1\" method=\"post\" class=\"wpcf7-form init cf7mls-no-scroll cf7mls-no-moving-animation\" novalidate=\"novalidate\" data-status=\"init\">\n<div style=\"display: none;\">\n<input type=\"hidden\" name=\"_wpcf7\" value=\"770\" \/>\n<input type=\"hidden\" name=\"_wpcf7_version\" value=\"5.4.2\" \/>\n<input type=\"hidden\" name=\"_wpcf7_locale\" value=\"en_US\" \/>\n<input type=\"hidden\" name=\"_wpcf7_unit_tag\" value=\"wpcf7-f770-o1\" \/>\n<input type=\"hidden\" name=\"_wpcf7_container_post\" value=\"0\" \/>\n<input type=\"hidden\" name=\"_wpcf7_posted_data_hash\" value=\"\" \/>\n<input type=\"hidden\" name=\"_wpcf7cf_hidden_group_fields\" value=\"\" \/>\n<input type=\"hidden\" name=\"_wpcf7cf_hidden_groups\" value=\"\" \/>\n<input type=\"hidden\" name=\"_wpcf7cf_visible_groups\" value=\"\" \/>\n<input type=\"hidden\" name=\"_wpcf7cf_repeaters\" value=\"[]\" \/>\n<input type=\"hidden\" name=\"_wpcf7cf_steps\" value=\"{}\" \/>\n<input type=\"hidden\" name=\"_wpcf7cf_options\" value=\"{&quot;form_id&quot;:770,&quot;conditions&quot;:[],&quot;settings&quot;:{&quot;animation&quot;:&quot;yes&quot;,&quot;animation_intime&quot;:200,&quot;animation_outtime&quot;:200,&quot;conditions_ui&quot;:&quot;normal&quot;,&quot;notice_dismissed&quot;:false}}\" \/>\n<\/div>\n<div class=\"row\">\n<div class=\"col-md-6\" style='margin-bottom:20px;'><label>Nombre*<\/label><span class=\"wpcf7-form-control-wrap fname\"><input type=\"text\" name=\"fname\" value=\"\" size=\"40\" class=\"wpcf7-form-control wpcf7-text wpcf7-validates-as-required\" aria-required=\"true\" aria-invalid=\"false\" \/><\/span><\/div>\n<div class=\"col-md-6\" style='margin-bottom:20px;'><label>Apellido*<\/label><span class=\"wpcf7-form-control-wrap lname\"><input type=\"text\" name=\"lname\" value=\"\" size=\"40\" class=\"wpcf7-form-control wpcf7-text wpcf7-validates-as-required\" aria-required=\"true\" aria-invalid=\"false\" \/><\/span><\/div>\n<\/div>\n<p><label> Direcci\u00f3n*<br \/>\n    <span class=\"wpcf7-form-control-wrap address\"><input type=\"text\" name=\"address\" value=\"\" size=\"40\" class=\"wpcf7-form-control wpcf7-text\" aria-invalid=\"false\" \/><\/span> <\/label><\/p>\n<div class=\"row\">\n<div class=\"col-md-6\" style='margin-bottom:20px;'><label>Ciudad*<\/label><span class=\"wpcf7-form-control-wrap city\"><input type=\"text\" name=\"city\" value=\"\" size=\"40\" class=\"wpcf7-form-control wpcf7-text wpcf7-validates-as-required\" aria-required=\"true\" aria-invalid=\"false\" \/><\/span> <\/label><\/div>\n<div class=\"col-md-6\" style='margin-bottom:20px;'><label>Estado*<\/label><span class=\"wpcf7-form-control-wrap member-1-state\"><select name=\"member-1-state\" class=\"wpcf7-form-control wpcf7-select\" aria-invalid=\"false\"><option value=\"Alabama\">Alabama<\/option><option value=\"Alaska\">Alaska<\/option><option value=\"Arizona\">Arizona<\/option><option value=\"Arkansas\">Arkansas<\/option><option value=\"California\">California<\/option><option value=\"Colorado\">Colorado<\/option><option value=\"Connecticut\">Connecticut<\/option><option value=\"Delaware\">Delaware<\/option><option value=\"Florida\">Florida<\/option><option value=\"Georgia\">Georgia<\/option><option value=\"Hawaii\">Hawaii<\/option><option value=\"Idaho\">Idaho<\/option><option value=\"Illinois\">Illinois<\/option><option value=\"Indiana\">Indiana<\/option><option value=\"Iowa\">Iowa<\/option><option value=\"Kansas\">Kansas<\/option><option value=\"Kentucky\">Kentucky<\/option><option value=\"Louisiana\">Louisiana<\/option><option value=\"Maine\">Maine<\/option><option value=\"Maryland\">Maryland<\/option><option value=\"Massachusetts\">Massachusetts<\/option><option value=\"Michigan\">Michigan<\/option><option value=\"Minnesota\">Minnesota<\/option><option value=\"Mississippi\">Mississippi<\/option><option value=\"Missouri\">Missouri<\/option><option value=\"Montana\">Montana<\/option><option value=\"Nebraska\">Nebraska<\/option><option value=\"Nevada\">Nevada<\/option><option value=\"New Hampshire\">New Hampshire<\/option><option value=\"New Jersey\">New Jersey<\/option><option value=\"New Mexico\">New Mexico<\/option><option value=\"New York\">New York<\/option><option value=\"North Carolina\">North Carolina<\/option><option value=\"North Dakota\">North Dakota<\/option><option value=\"Ohio\">Ohio<\/option><option value=\"Oklahoma\">Oklahoma<\/option><option value=\"Oregon\">Oregon<\/option><option value=\"Pennsylvania\">Pennsylvania<\/option><option value=\"Rhode Island\">Rhode Island<\/option><option value=\"South Carolina\">South Carolina<\/option><option value=\"South Dakota\">South Dakota<\/option><option value=\"Tennessee\">Tennessee<\/option><option value=\"Texas\">Texas<\/option><option value=\"Utah\">Utah<\/option><option value=\"Vermont\">Vermont<\/option><option value=\"Virginia\">Virginia<\/option><option value=\"Washington\">Washington<\/option><option value=\"West Virginia\">West Virginia<\/option><option value=\"Wisconsin\">Wisconsin<\/option><option value=\"Wyoming\">Wyoming<\/option><option value=\"--\">--<\/option><option value=\"District of Columbia\">District of Columbia<\/option><option value=\"Puerto Rico\">Puerto Rico<\/option><option value=\"Guam\">Guam<\/option><option value=\"American Samoa\">American Samoa<\/option><option value=\"U.S. Virgin Islands\">U.S. Virgin Islands<\/option><option value=\"Northern Mariana Islands\">Northern Mariana Islands<\/option><\/select><\/span><\/div>\n<\/div>\n<p><label> C\u00f3digo Postal \/ Zip*<br \/>\n    <span class=\"wpcf7-form-control-wrap zip\"><input type=\"text\" name=\"zip\" value=\"\" size=\"40\" class=\"wpcf7-form-control wpcf7-text wpcf7-validates-as-required\" aria-required=\"true\" aria-invalid=\"false\" \/><\/span> <\/label><\/p>\n<p><label> E-mail*<br \/>\n    <span class=\"wpcf7-form-control-wrap your-email\"><input type=\"email\" name=\"your-email\" value=\"\" size=\"40\" class=\"wpcf7-form-control wpcf7-text wpcf7-email wpcf7-validates-as-required wpcf7-validates-as-email\" aria-required=\"true\" aria-invalid=\"false\" \/><\/span> <\/label><\/p>\n<div class=\"row\">\n<div class=\"col-md-6\" style='margin-bottom:20px;'><label>Tel\u00e9fono*<\/label><span class=\"wpcf7-form-control-wrap phone\"><input type=\"text\" name=\"phone\" value=\"\" size=\"40\" class=\"wpcf7-form-control wpcf7-text wpcf7-validates-as-required\" aria-required=\"true\" aria-invalid=\"false\" \/><\/span><\/div>\n<div class=\"col-md-6\" style='margin-bottom:20px;'><label>Fecha de Nacimiento*<\/label><span class=\"wpcf7-form-control-wrap bith\"><input type=\"date\" name=\"bith\" value=\"\" class=\"wpcf7-form-control wpcf7-date wpcf7-validates-as-required wpcf7-validates-as-date\" aria-required=\"true\" aria-invalid=\"false\" \/><\/span><\/div>\n<\/div>\n<p><span class=\"wpcf7-form-control-wrap more-info\"><textarea name=\"more-info\" cols=\"40\" rows=\"10\" class=\"wpcf7-form-control wpcf7-textarea\" aria-invalid=\"false\" placeholder=\"\u00bfHay algo que nos quieras comentar?\"><\/textarea><\/span><\/p>\n<p><input type=\"submit\" value=\"SOLICITAR COTIZACI\u00d3N\" class=\"wpcf7-form-control wpcf7-submit btn-color-red\" \/><\/p>\n<div class=\"wpcf7-response-output\" aria-hidden=\"true\"><\/div><\/form><\/div>[\/vc_column_inner][\/vc_row_inner][\/vc_column][\/vc_row]<\/p>\n","protected":false},"excerpt":{"rendered":"<p>[vc_row full_width=&#8221;stretch_row&#8221; equal_height=&#8221;yes&#8221; content_placement=&#8221;top&#8221; css=&#8221;.vc_custom_1627590422801{margin-top: -40px !important;padding-top: 8vh !important;padding-bottom: 10vh !important;background-color: #f2f2f2 !important;}&#8221; el_class=&#8221;z-index-10 position-relative&#8221; mobile_bg_img_hidden=&#8221;no&#8221; tablet_bg_img_hidden=&#8221;no&#8221; woodmart_parallax=&#8221;0&#8243; woodmart_gradient_switch=&#8221;no&#8221; row_reverse_mobile=&#8221;1&#8243;<\/p>\n","protected":false},"author":1,"featured_media":0,"parent":0,"menu_order":0,"comment_status":"closed","ping_status":"closed","template":"","meta":[],"_links":{"self":[{"href":"https:\/\/www.newhopeins.com\/es\/wp-json\/wp\/v2\/pages\/695"}],"collection":[{"href":"https:\/\/www.newhopeins.com\/es\/wp-json\/wp\/v2\/pages"}],"about":[{"href":"https:\/\/www.newhopeins.com\/es\/wp-json\/wp\/v2\/types\/page"}],"author":[{"embeddable":true,"href":"https:\/\/www.newhopeins.com\/es\/wp-json\/wp\/v2\/users\/1"}],"replies":[{"embeddable":true,"href":"https:\/\/www.newhopeins.com\/es\/wp-json\/wp\/v2\/comments?post=695"}],"version-history":[{"count":31,"href":"https:\/\/www.newhopeins.com\/es\/wp-json\/wp\/v2\/pages\/695\/revisions"}],"predecessor-version":[{"id":1039,"href":"https:\/\/www.newhopeins.com\/es\/wp-json\/wp\/v2\/pages\/695\/revisions\/1039"}],"wp:attachment":[{"href":"https:\/\/www.newhopeins.com\/es\/wp-json\/wp\/v2\/media?parent=695"}],"curies":[{"name":"wp","href":"https:\/\/api.w.org\/{rel}","templated":true}]}}